{"id":1888,"date":"2021-02-02T15:21:56","date_gmt":"2021-02-02T15:21:56","guid":{"rendered":"http:\/\/masterepoksi.com\/?page_id=1888"},"modified":"2021-02-02T15:39:26","modified_gmt":"2021-02-02T15:39:26","slug":"kvkk-aydinlatma-metni","status":"publish","type":"page","link":"https:\/\/masterepoksi.com\/ru\/kvkk-aydinlatma-metni\/","title":{"rendered":"\u041f\u043e\u044f\u0441\u043d\u0438\u0442\u0435\u043b\u044c\u043d\u044b\u0439 \u0442\u0435\u043a\u0441\u0442 \u0417\u0430\u043a\u043e\u043d\u0430 \u043e \u0417\u0430\u0449\u0438\u0442\u0435 \u041b\u0438\u0447\u043d\u044b\u0445 \u0414\u0430\u043d\u043d\u044b\u0445"},"content":{"rendered":"<div data-elementor-type=\"wp-page\" data-elementor-id=\"1888\" class=\"elementor elementor-1888\" data-elementor-post-type=\"page\">\n\t\t\t\t\t\t<section class=\"elementor-section elementor-top-section elementor-element elementor-element-cfcf69e elementor-section-boxed elementor-section-height-default elementor-section-height-default\" data-id=\"cfcf69e\" data-element_type=\"section\" data-e-type=\"section\">\n\t\t\t\t\t\t<div class=\"elementor-container elementor-column-gap-default\">\n\t\t\t\t\t<div class=\"elementor-column elementor-col-50 elementor-top-column elementor-element elementor-element-db0703c\" data-id=\"db0703c\" data-element_type=\"column\" data-e-type=\"column\">\n\t\t\t<div class=\"elementor-widget-wrap\">\n\t\t\t\t\t\t\t<\/div>\n\t\t<\/div>\n\t\t\t\t<div class=\"elementor-column elementor-col-50 elementor-top-column elementor-element elementor-element-1a70381\" data-id=\"1a70381\" data-element_type=\"column\" data-e-type=\"column\">\n\t\t\t<div class=\"elementor-widget-wrap elementor-element-populated\">\n\t\t\t\t\t\t<div class=\"elementor-element elementor-element-fb42887 elementor-widget elementor-widget-heading\" data-id=\"fb42887\" data-element_type=\"widget\" data-e-type=\"widget\" data-widget_type=\"heading.default\">\n\t\t\t\t<div class=\"elementor-widget-container\">\n\t\t\t\t\t<h2 class=\"elementor-heading-title elementor-size-default\">\u041f\u043e\u044f\u0441\u043d\u0438\u0442\u0435\u043b\u044c\u043d\u044b\u0439 \u0442\u0435\u043a\u0441\u0442 \u0417\u0430\u043a\u043e\u043d\u0430 \u043e \u0417\u0430\u0449\u0438\u0442\u0435 \u041b\u0438\u0447\u043d\u044b\u0445 \u0414\u0430\u043d\u043d\u044b\u0445\n<\/h2>\t\t\t\t<\/div>\n\t\t\t\t<\/div>\n\t\t\t\t\t<\/div>\n\t\t<\/div>\n\t\t\t\t\t<\/div>\n\t\t<\/section>\n\t\t\t\t<section class=\"elementor-section elementor-top-section elementor-element elementor-element-315ec14 elementor-section-boxed elementor-section-height-default elementor-section-height-default\" data-id=\"315ec14\" data-element_type=\"section\" data-e-type=\"section\">\n\t\t\t\t\t\t<div class=\"elementor-container elementor-column-gap-default\">\n\t\t\t\t\t<div class=\"elementor-column elementor-col-100 elementor-top-column elementor-element elementor-element-0846e0a\" data-id=\"0846e0a\" data-element_type=\"column\" data-e-type=\"column\">\n\t\t\t<div class=\"elementor-widget-wrap elementor-element-populated\">\n\t\t\t\t\t\t<div class=\"elementor-element elementor-element-64dc76b elementor-widget elementor-widget-text-editor\" data-id=\"64dc76b\" data-element_type=\"widget\" data-e-type=\"widget\" data-widget_type=\"text-editor.default\">\n\t\t\t\t<div class=\"elementor-widget-container\">\n\t\t\t\t\t\t\t\t\t<p>6698 say\u0131l\u0131 Ki\u015fisel Verilerin Korunmas\u0131 Kanunu (\u201cKVKK\u201d) uyar\u0131nca, \u015eirketimiz taraf\u0131ndan, Veri Sorumlusu s\u0131fat\u0131yla a\u015fa\u011f\u0131da say\u0131lan ki\u015fisel verileriniz, i\u015f ama\u00e7lar\u0131yla ba\u011fl\u0131 olarak, a\u015fa\u011f\u0131da a\u00e7\u0131kland\u0131\u011f\u0131 \u00e7er\u00e7evede kullan\u0131lmak, kaydedilmek, saklanmak, g\u00fcncellenmek, aktar\u0131lmak ve\/veya s\u0131n\u0131fland\u0131r\u0131lmak suretiyle i\u015flenecektir.\u00a0 Bu kapsamda \u015eirketimiz taraf\u0131ndan ba\u015fta \u00f6zel hayat\u0131n gizlili\u011fi olmak \u00fczere, ki\u015filerin temel hak ve \u00f6zg\u00fcrl\u00fcklerini korumak ve ki\u015fisel verilerin korunmas\u0131 amac\u0131yla d\u00fczenlenen Kanun ve Y\u00f6netmelikler gere\u011fince \u015eirketimiz, ki\u015fisel verilerinizin hukuka ayk\u0131r\u0131 olarak i\u015flenmesini \u00f6nleme, hukuka ayk\u0131r\u0131 olarak eri\u015filmesini \u00f6nleme ve muhafazas\u0131n\u0131 sa\u011flama amac\u0131yla, uygun g\u00fcvenlik d\u00fczeyini temin etmeye y\u00f6nelik t\u00fcm teknik ve idari tedbirleri almaktad\u0131r.<\/p><p>A\u015fa\u011f\u0131da belirtti\u011fimiz ve taraf\u0131m\u0131za sa\u011flad\u0131\u011f\u0131n\u0131z ki\u015fisel verilerinizin her ko\u015fulda; duruma g\u00f6re a\u015fa\u011f\u0131da belirtilen \u015fekillerde elde etti\u011fimiz ki\u015fisel verilerinizin hukuki ili\u015fkilerimiz kapsam\u0131nda,<\/p><p>Ticari ili\u015fkilerimiz kapsam\u0131nda veya sizlerle olan i\u015f ili\u015fkimiz dahilinde,<\/p><p>\u0130\u015flenmelerini gerektiren ama\u00e7 \u00e7er\u00e7evesinde ve bu ama\u00e7 ile ba\u011flant\u0131l\u0131, s\u0131n\u0131rl\u0131 ve \u00f6l\u00e7\u00fcl\u00fc \u015fekilde,<\/p><p>Taraf\u0131m\u0131za bildirdi\u011finiz veya bildirildi\u011fi \u015fekliyle ki\u015fisel verilerin do\u011frulu\u011funu koruyarak kaydedilece\u011fini, depolanaca\u011f\u0131n\u0131, muhafaza edilece\u011fini, yeniden d\u00fczenlenece\u011fini, kanunen bu ki\u015fisel verileri talep etmeye yetkili olan kurumlar ile payla\u015f\u0131laca\u011f\u0131n\u0131 ve Ki\u015fisel Verilerin Korunmas\u0131 Kanunu\u2019 nun (Bundan sonra \u201cKVKK\u201d olarak an\u0131lacakt\u0131r) \u00f6ng\u00f6rd\u00fc\u011f\u00fc \u015fartlarda, yurti\u00e7i veya yurtd\u0131\u015f\u0131 \u00fc\u00e7\u00fcnc\u00fc ki\u015filere aktar\u0131laca\u011f\u0131n\u0131, devredilece\u011fini, s\u0131n\u0131fland\u0131r\u0131labilece\u011fini ve KVKK\u2019 da say\u0131lan sair \u015fekillerde i\u015flenebilece\u011fini bildiririz.<\/p><p>Bu metnin hedef kitlesi \u015eirketimiz ile ticari ili\u015fi i\u00e7erisinde yer alan ger\u00e7ek ki\u015fi i\u015fveren m\u00fc\u015fterilerimiz, bu ki\u015filerin \u00e7al\u0131\u015fanlar\u0131 ile t\u00fczel ki\u015fi i\u015fveren m\u00fc\u015fterilerimizin ger\u00e7ek ki\u015fi olan temsilci\/\u00e7al\u0131\u015fanlar\u0131, ger\u00e7ek ki\u015fi tedarik\u00e7i \u2013 i\u015f orta\u011f\u0131 \u2013 d\u0131\u015f hizmet sa\u011flay\u0131c\u0131 ve t\u00fczel ki\u015fi tedarik\u00e7i-i\u015f orta\u011f\u0131- d\u0131\u015f hizmet sa\u011flay\u0131c\u0131n\u0131n ger\u00e7ek ki\u015fi temsilcisidir.<\/p><p>Veri sorumlusu s\u0131fat\u0131yla i\u015flenen ki\u015fisel verilere, burada belirtilenlerle s\u0131n\u0131rl\u0131 say\u0131da olmamak \u00fczere a\u015fa\u011f\u0131da yer verilmektedir;<\/p><p><strong>Kimlik verisi<\/strong>; Ad\u0131, soyad\u0131<\/p><p><strong>\u0130leti\u015fim verisi<\/strong>; Telefonu, e-postas\u0131, i\u015fyeri adresi<\/p><p><strong>Finansal veri<\/strong>; Banka hesap bilgileri, kredi kart\u0131 bilgileri, Vergi Dairesi, Vergi Numaras\u0131<\/p><p><strong>\u00c7al\u0131\u015fma verisi;<\/strong>\u00a0\u00c7al\u0131\u015ft\u0131\u011f\u0131 \u015firket, departman\u0131, \u00e7al\u0131\u015fma \u015fekli, mesle\u011fi, unvan\u0131, imza sirk\u00fcleri, SGK giri\u015f bildirgesi,<\/p><p><strong>Ki\u015fisel verilerin i\u015flenme \u015fekli ve hukuki sebepleri<\/strong><\/p><p>\u015eirket olarak hukuki y\u00fck\u00fcml\u00fcl\u00fcklerimizi yerine getirmek, \u015firketinizle ve\/veya sizinle aram\u0131zdaki ticari ili\u015fki kapsam\u0131nda s\u00f6zle\u015fmenin ifas\u0131 ve \u015eirket\u2019in me\u015fru menfaati gere\u011fi, yasadan kaynaklanan nedenlerle, sizden ve\/veya \u015firketinizi temsilen di\u011fer temsilcilerden\/\u00e7al\u0131\u015fanlardan talep etti\u011fimiz ki\u015fisel verilerinizi, sizin taraf\u0131n\u0131zdan ve\/veya \u015firketinizin di\u011fer temsilcilerinin\/\u00e7al\u0131\u015fanlar\u0131 taraf\u0131ndan bize fiziksel veya elektronik ortamda iletilmesi yoluyla veya kameralar arac\u0131l\u0131\u011f\u0131yla fiziksel veya elektronik olarak topluyoruz.<\/p><p><strong>Ki\u015fisel verilerin i\u015flenme amac\u0131<\/strong><\/p><p>\u015eirketimiz taraf\u0131ndan ki\u015fisel verileriniz a\u015fa\u011f\u0131da belirtilen ama\u00e7 ve hukuki sebepler gibi ancak bunlarla s\u0131n\u0131rl\u0131 olmayan ama\u00e7 ve sebeplerle i\u015flenebilir. Ki\u015fisel verileriniz, faaliyet alan\u0131m\u0131z ve me\u015fru menfaatlerimizi korumak amac\u0131yla ba\u011fl\u0131 oldu\u011fumuz yasal mevzuatlarda belirtildi\u011fi s\u00fcre kadar muhafaza edilecektir<\/p><ul><li>Ticari ili\u015fki kapsam\u0131nda teklif olu\u015fturulmas\u0131,<\/li><li>Ticari ili\u015fki kapsam\u0131nda s\u00f6zle\u015fme haz\u0131rlanmas\u0131,<\/li><li>Ticari ili\u015fki ba\u011flam\u0131nda ileti\u015fimin sa\u011flanmas\u0131,<\/li><li>Mali y\u00fck\u00fcml\u00fcl\u00fck kapsam\u0131nda fatura kesilmesi,<\/li><li>Mali \u0130\u015fler kay\u0131tlar\u0131n\u0131n tutulmas\u0131,<\/li><li>\u00d6deme s\u00fcre\u00e7lerinin y\u00f6netilmesi,<\/li><li>Mal teslimi, nakliye gibi konulara ileti\u015fimin sa\u011flanmas\u0131,<\/li><li>Mal\u0131n veya hizmetin ifa edilece\u011fi adresin belirlenmesi,<\/li><li>B\u00fct\u00e7e y\u00f6netimi ve raporlama yap\u0131lmas\u0131<\/li><li>Tedarik\u00e7i, i\u015f ortaklar\u0131, d\u0131\u015f hizmet sa\u011flay\u0131c\u0131lar\u0131 ve m\u00fc\u015fteriler aras\u0131nda ileti\u015fim sa\u011flanmas\u0131,<\/li><li>Tedarik\u00e7i \u00e7al\u0131\u015fanlar\u0131ndan destek al\u0131nmas\u0131,<\/li><li>Hizmet\/s\u00f6zle\u015fme ifas\u0131na ili\u015fkin kalite kontrol\u00fc ve de\u011ferlendirmesi,<\/li><\/ul><div>\u00a0<\/div><p><strong>Ki\u015fisel Verilerinizin Yurt \u0130\u00e7indeki ve Yurt D\u0131\u015f\u0131ndaki \u00dc\u00e7\u00fcnc\u00fc Ki\u015filerle Payla\u015f\u0131lmas\u0131<\/strong><\/p><p>G\u00fcvenli\u011finiz ve \u015eirketimizin yasalar kar\u015f\u0131s\u0131ndaki y\u00fck\u00fcml\u00fcl\u00fcklerini ifa etmesi amac\u0131yla ki\u015fisel verileriniz, \u0130\u015f Kanunu, \u0130\u015f\u00e7i Sa\u011fl\u0131\u011f\u0131 ve \u0130\u015f G\u00fcvenli\u011fi Kanunu, Sosyal Sigortalar ve Genel Sa\u011fl\u0131k Sigortas\u0131 Kanunu, \u0130nternet Ortam\u0131nda Yap\u0131lan Yay\u0131nlar\u0131n D\u00fczenlenmesi ve Bu Yay\u0131nlar Yoluyla \u0130\u015flenen Su\u00e7larla M\u00fccadele Edilmesi Hakk\u0131nda Kanun, T\u00fcrk Ticaret Kanunu, 6698 Say\u0131l\u0131 Ki\u015fisel Verilerin Korunmas\u0131 Kanunu, Kimlik Bildirme Kanunu ve fakat bununla s\u0131n\u0131rl\u0131 olmamak \u00fczere sair mevzuat h\u00fck\u00fcmleri izin verdi\u011fi ve gerektirdi\u011fi \u00f6l\u00e7\u00fcde ilgili kurum veya kurulu\u015flar; Ki\u015fisel Verileri Koruma Kurumu, Maliye Bakanl\u0131\u011f\u0131, G\u00fcmr\u00fck ve Ticaret Bakanl\u0131\u011f\u0131, \u00c7al\u0131\u015fma ve Sosyal G\u00fcvenlik Bakanl\u0131\u011f\u0131, T\u00fcrkiye \u0130\u015f Kurumu (\u0130\u015f-Kur), Bilgi Teknolojileri ve \u0130leti\u015fim Kurumu gibi kamu t\u00fczel ki\u015fileri ile payla\u015f\u0131labilir. \u00d6rne\u011fin; fatura i\u015flemleri nedeni ile\u00a0 ki\u015fisel veriler Vergi Dairesi ile payla\u015f\u0131lmaktad\u0131r.<\/p><p><strong>Ayr\u0131ca ki\u015fisel verilerinizi:<\/strong><\/p><ul><li>\u00dcr\u00fcnlerin ya da ticari ili\u015fki kapsam\u0131nda teslim edilmesi gereken e\u015fya, belge vb \u015feylerin teslimi i\u00e7in nakliye firmalar\u0131, kargo firmalar\u0131, kurye gibi ki\u015fi ve kurumlara ki\u015fisel verilerinizi payla\u015fabiliriz.<\/li><li>Bankalar ile,<\/li><li>B\u00fct\u00e7e y\u00f6netimi, cari kart a\u00e7\u0131l\u0131\u015f\u0131, faturalama gibi muhasebe ve finansa ili\u015fkin i\u015flemlerin denetlenmesi ve raporlanmas\u0131 amac\u0131 ile bu amaca ula\u015fmak i\u00e7in gerekli olan ki\u015fisel verilerinizi, ba\u011fl\u0131 oldu\u011fumuz firmalara ve denetim firmalar\u0131na aktarabiliriz.<\/li><li>Muhasebeye ili\u015fkin ve finansal i\u015flemlerin y\u00f6netimi i\u00e7in kullan\u0131lan ilgili programa gerekli oldu\u011fu takdirde i\u015fleme amac\u0131na uygun ki\u015fisel verilerinizi i\u015fleyebiliriz. Bu verileriniz ise s\u00f6z konusu uygulaman\u0131n kendi veri kay\u0131t ortam\u0131na kaydedilebilmektedir.<\/li><li>Ki\u015fisel verilerinizi i\u00e7eren kay\u0131tlar\u0131n saklama s\u00fcresi boyunca tutulabilmesini sa\u011flamak amac\u0131yla ilgili kay\u0131tlar\u0131 bu hizmeti veren \u00fc\u00e7\u00fcnc\u00fc ki\u015fi ar\u015fiv firmalar\u0131na g\u00f6nderilebiliriz.<\/li><li>Ayr\u0131ca savunma hakk\u0131m\u0131z\u0131 kullanabilmemiz i\u00e7in avukatlar\u0131m\u0131za ve hukuka ve usule uygun olmas\u0131 ko\u015fuluyla mahkeme karar\u0131 veya delil talebi gibi hukuki talepleri yerine getirme y\u00fck\u00fcml\u00fcl\u00fc\u011f\u00fcm\u00fcz \u00e7er\u00e7evesinde ilgili kurumlarla payla\u015fabiliriz.<\/li><\/ul><div>\u00a0<\/div><p><strong>KVKK\u2019n\u0131n 11. maddesi gere\u011fi haklar\u0131n\u0131z; \u015eirketimize ba\u015fvurarak, ki\u015fisel verilerinizin:<\/strong><\/p><ul><li>\u0130\u015flenip i\u015flenmedi\u011fini \u00f6\u011frenme,<\/li><li>\u0130\u015flenmi\u015fse bilgi talep etme,<\/li><li>\u0130\u015flenme amac\u0131n\u0131 ve amac\u0131na uygun kullan\u0131l\u0131p kullan\u0131lmad\u0131\u011f\u0131n\u0131 \u00f6\u011frenme,<\/li><li>Yurt i\u00e7inde \/ yurt d\u0131\u015f\u0131nda aktar\u0131ld\u0131\u011f\u0131 3. ki\u015fileri bilme,<\/li><li>Eksik \/ yanl\u0131\u015f i\u015flenmi\u015fse d\u00fczeltilmesini isteme,<\/li><li>KVKK\u2019n\u0131n 7. maddesinde \u00f6ng\u00f6r\u00fclen \u015fartlar \u00e7er\u00e7evesinde silinmesini \/ yok edilmesini isteme,<\/li><li>Aktar\u0131lan 3. ki\u015filere yukar\u0131da say\u0131lan (5) ve (6) bentler uyar\u0131nca yap\u0131lan i\u015flemlerin bildirilmesini isteme,<\/li><li>M\u00fcnhas\u0131ran otomatik sistemler ile analiz edilmesi nedeniyle aleyhinize bir sonucun ortaya \u00e7\u0131kmas\u0131na itiraz etme,<\/li><li>Kanuna ayk\u0131r\u0131 olarak i\u015flenmesi sebebiyle zarara u\u011framan\u0131z h\u00e2linde zarar\u0131n giderilmesini talep etme haklar\u0131na sahipsiniz.<\/li><\/ul><div>\u00a0<\/div><p>KVK Kanunu\u2019nun 13. maddesinin 1. f\u0131kras\u0131 gere\u011fince, yukar\u0131da belirtilen haklar\u0131n\u0131z\u0131 kullanmak ile ilgili talebinizi, yaz\u0131l\u0131 olarak veya Ki\u015fisel Verileri Koruma Kurulu\u2019nun belirledi\u011fi di\u011fer y\u00f6ntemlerle \u015eirketimize iletebilirsiniz. Ba\u015fvurunuzda yer alan talepleriniz, talebin niteli\u011fine g\u00f6re en ge\u00e7 otuz g\u00fcn i\u00e7inde \u00fccretsiz olarak sonu\u00e7land\u0131r\u0131lacakt\u0131r. Ancak, i\u015flemin \u015eirket i\u00e7in ayr\u0131ca bir maliyeti gerektirmesi h\u00e2linde, Ki\u015fisel Verileri Koruma Kurulu taraf\u0131ndan Veri Sorumlusuna Ba\u015fvuru Usul ve Esaslar\u0131 Hakk\u0131nda Tebli\u011f\u2019de belirlenen tarifedeki \u00fccret al\u0131nabilir.<\/p><p>\u015eirketimiz taraf\u0131ndan ba\u015fvurunun size ait olup olmad\u0131\u011f\u0131n\u0131n belirlenmesi ve b\u00f6ylece haklar\u0131n\u0131z\u0131 koruyabilmek amac\u0131yla ek do\u011frulamalar (kay\u0131tl\u0131 telefonunuza mesaj g\u00f6nderilmesi, aranman\u0131z gibi) istenebilir.<\/p><p>Yukar\u0131da belirtilen haklar\u0131n\u0131z\u0131 kullanmak i\u00e7in kimli\u011finizi tespit edici gerekli bilgiler ile talep dilek\u00e7enizi Alt\u0131nova Mahallesi 2.Keman Sk. no 12 K\u00fc\u00e7\u00fckbal\u0131kl\u0131 Osmangazi Bursa adresindeki merkez ofisimize bizzat elden teslim edebilir, noter kanal\u0131yla veya Ki\u015fisel Verileri Koruma Kurulu taraf\u0131ndan belirlenen di\u011fer y\u00f6ntemler ile g\u00f6nderebilir veya\u00a0\u00a0info@masterepoksi.com\u00a0kurumsal mail adresine iletebilirsiniz.<\/p>\t\t\t\t\t\t\t\t<\/div>\n\t\t\t\t<\/div>\n\t\t\t\t\t<\/div>\n\t\t<\/div>\n\t\t\t\t\t<\/div>\n\t\t<\/section>\n\t\t\t\t<\/div>","protected":false},"excerpt":{"rendered":"<p>KVKK Ayd\u0131nlatma Metni 6698 say\u0131l\u0131 Ki\u015fisel Verilerin Korunmas\u0131 Kanunu (\u201cKVKK\u201d) uyar\u0131nca, \u015eirketimiz taraf\u0131ndan, Veri Sorumlusu s\u0131fat\u0131yla a\u015fa\u011f\u0131da say\u0131lan ki\u015fisel verileriniz, i\u015f ama\u00e7lar\u0131yla ba\u011fl\u0131 olarak, a\u015fa\u011f\u0131da a\u00e7\u0131kland\u0131\u011f\u0131 \u00e7er\u00e7evede kullan\u0131lmak, kaydedilmek, saklanmak, g\u00fcncellenmek, aktar\u0131lmak ve\/veya s\u0131n\u0131fland\u0131r\u0131lmak suretiyle i\u015flenecektir.\u00a0 Bu kapsamda \u015eirketimiz taraf\u0131ndan ba\u015fta \u00f6zel hayat\u0131n gizlili\u011fi olmak \u00fczere, ki\u015filerin temel hak ve \u00f6zg\u00fcrl\u00fcklerini korumak ve ki\u015fisel verilerin [&hellip;]<\/p>\n","protected":false},"author":1,"featured_media":0,"parent":0,"menu_order":0,"comment_status":"closed","ping_status":"closed","template":"","meta":{"footnotes":""},"class_list":["post-1888","page","type-page","status-publish","hentry"],"yoast_head":"<!-- This site is optimized with the Yoast SEO plugin v27.4 - https:\/\/yoast.com\/product\/yoast-seo-wordpress\/ -->\n<title>KVKK Ayd\u0131nlatma Metni - Master Epoksi<\/title>\n<meta name=\"robots\" content=\"index, follow, max-snippet:-1, max-image-preview:large, max-video-preview:-1\" \/>\n<link rel=\"canonical\" href=\"https:\/\/masterepoksi.com\/ru\/kvkk-aydinlatma-metni\/\" \/>\n<meta property=\"og:locale\" content=\"ru_RU\" \/>\n<meta property=\"og:type\" content=\"article\" \/>\n<meta property=\"og:title\" content=\"KVKK Ayd\u0131nlatma Metni - Master Epoksi\" \/>\n<meta property=\"og:description\" content=\"KVKK Ayd\u0131nlatma Metni 6698 say\u0131l\u0131 Ki\u015fisel Verilerin Korunmas\u0131 Kanunu (\u201cKVKK\u201d) uyar\u0131nca, \u015eirketimiz taraf\u0131ndan, Veri Sorumlusu s\u0131fat\u0131yla a\u015fa\u011f\u0131da say\u0131lan ki\u015fisel verileriniz, i\u015f ama\u00e7lar\u0131yla ba\u011fl\u0131 olarak, a\u015fa\u011f\u0131da a\u00e7\u0131kland\u0131\u011f\u0131 \u00e7er\u00e7evede kullan\u0131lmak, kaydedilmek, saklanmak, g\u00fcncellenmek, aktar\u0131lmak ve\/veya s\u0131n\u0131fland\u0131r\u0131lmak suretiyle i\u015flenecektir.\u00a0 Bu kapsamda \u015eirketimiz taraf\u0131ndan ba\u015fta \u00f6zel hayat\u0131n gizlili\u011fi olmak \u00fczere, ki\u015filerin temel hak ve \u00f6zg\u00fcrl\u00fcklerini korumak ve ki\u015fisel verilerin [&hellip;]\" \/>\n<meta property=\"og:url\" content=\"https:\/\/masterepoksi.com\/ru\/kvkk-aydinlatma-metni\/\" \/>\n<meta property=\"og:site_name\" content=\"Master Epoksi\" \/>\n<meta property=\"article:publisher\" content=\"https:\/\/www.facebook.com\/masterepoksi\" \/>\n<meta property=\"article:modified_time\" content=\"2021-02-02T15:39:26+00:00\" \/>\n<meta name=\"twitter:card\" content=\"summary_large_image\" \/>\n<meta name=\"twitter:label1\" content=\"\u041f\u0440\u0438\u043c\u0435\u0440\u043d\u043e\u0435 \u0432\u0440\u0435\u043c\u044f \u0434\u043b\u044f \u0447\u0442\u0435\u043d\u0438\u044f\" \/>\n\t<meta name=\"twitter:data1\" content=\"5 \u043c\u0438\u043d\u0443\u0442\" \/>\n<script type=\"application\/ld+json\" class=\"yoast-schema-graph\">{\"@context\":\"https:\\\/\\\/schema.org\",\"@graph\":[{\"@type\":\"WebPage\",\"@id\":\"https:\\\/\\\/masterepoksi.com\\\/kvkk-aydinlatma-metni\\\/\",\"url\":\"https:\\\/\\\/masterepoksi.com\\\/kvkk-aydinlatma-metni\\\/\",\"name\":\"KVKK Ayd\u0131nlatma Metni - Master Epoksi\",\"isPartOf\":{\"@id\":\"https:\\\/\\\/masterepoksi.com\\\/#website\"},\"datePublished\":\"2021-02-02T15:21:56+00:00\",\"dateModified\":\"2021-02-02T15:39:26+00:00\",\"inLanguage\":\"ru-RU\",\"potentialAction\":[{\"@type\":\"ReadAction\",\"target\":[\"https:\\\/\\\/masterepoksi.com\\\/kvkk-aydinlatma-metni\\\/\"]}]},{\"@type\":\"WebSite\",\"@id\":\"https:\\\/\\\/masterepoksi.com\\\/#website\",\"url\":\"https:\\\/\\\/masterepoksi.com\\\/\",\"name\":\"Master Epoksi\",\"description\":\"Beton zeminleriniz  Master Epoksi ile korunsun!\",\"publisher\":{\"@id\":\"https:\\\/\\\/masterepoksi.com\\\/#organization\"},\"potentialAction\":[{\"@type\":\"SearchAction\",\"target\":{\"@type\":\"EntryPoint\",\"urlTemplate\":\"https:\\\/\\\/masterepoksi.com\\\/?s={search_term_string}\"},\"query-input\":{\"@type\":\"PropertyValueSpecification\",\"valueRequired\":true,\"valueName\":\"search_term_string\"}}],\"inLanguage\":\"ru-RU\"},{\"@type\":\"Organization\",\"@id\":\"https:\\\/\\\/masterepoksi.com\\\/#organization\",\"name\":\"Master Epoksi\",\"url\":\"https:\\\/\\\/masterepoksi.com\\\/\",\"logo\":{\"@type\":\"ImageObject\",\"inLanguage\":\"ru-RU\",\"@id\":\"https:\\\/\\\/masterepoksi.com\\\/#\\\/schema\\\/logo\\\/image\\\/\",\"url\":\"https:\\\/\\\/masterepoksi.com\\\/wp-content\\\/uploads\\\/2021\\\/01\\\/logo.svg\",\"contentUrl\":\"https:\\\/\\\/masterepoksi.com\\\/wp-content\\\/uploads\\\/2021\\\/01\\\/logo.svg\",\"width\":1,\"height\":1,\"caption\":\"Master Epoksi\"},\"image\":{\"@id\":\"https:\\\/\\\/masterepoksi.com\\\/#\\\/schema\\\/logo\\\/image\\\/\"},\"sameAs\":[\"https:\\\/\\\/www.facebook.com\\\/masterepoksi\",\"https:\\\/\\\/www.instagram.com\\\/master_epoksi\\\/?hl=tr\"]}]}<\/script>\n<!-- \/ Yoast SEO plugin. -->","yoast_head_json":{"title":"KVKK Ayd\u0131nlatma Metni - Master Epoksi","robots":{"index":"index","follow":"follow","max-snippet":"max-snippet:-1","max-image-preview":"max-image-preview:large","max-video-preview":"max-video-preview:-1"},"canonical":"https:\/\/masterepoksi.com\/ru\/kvkk-aydinlatma-metni\/","og_locale":"ru_RU","og_type":"article","og_title":"KVKK Ayd\u0131nlatma Metni - Master Epoksi","og_description":"KVKK Ayd\u0131nlatma Metni 6698 say\u0131l\u0131 Ki\u015fisel Verilerin Korunmas\u0131 Kanunu (\u201cKVKK\u201d) uyar\u0131nca, \u015eirketimiz taraf\u0131ndan, Veri Sorumlusu s\u0131fat\u0131yla a\u015fa\u011f\u0131da say\u0131lan ki\u015fisel verileriniz, i\u015f ama\u00e7lar\u0131yla ba\u011fl\u0131 olarak, a\u015fa\u011f\u0131da a\u00e7\u0131kland\u0131\u011f\u0131 \u00e7er\u00e7evede kullan\u0131lmak, kaydedilmek, saklanmak, g\u00fcncellenmek, aktar\u0131lmak ve\/veya s\u0131n\u0131fland\u0131r\u0131lmak suretiyle i\u015flenecektir.\u00a0 Bu kapsamda \u015eirketimiz taraf\u0131ndan ba\u015fta \u00f6zel hayat\u0131n gizlili\u011fi olmak \u00fczere, ki\u015filerin temel hak ve \u00f6zg\u00fcrl\u00fcklerini korumak ve ki\u015fisel verilerin [&hellip;]","og_url":"https:\/\/masterepoksi.com\/ru\/kvkk-aydinlatma-metni\/","og_site_name":"Master Epoksi","article_publisher":"https:\/\/www.facebook.com\/masterepoksi","article_modified_time":"2021-02-02T15:39:26+00:00","twitter_card":"summary_large_image","twitter_misc":{"\u041f\u0440\u0438\u043c\u0435\u0440\u043d\u043e\u0435 \u0432\u0440\u0435\u043c\u044f \u0434\u043b\u044f \u0447\u0442\u0435\u043d\u0438\u044f":"5 \u043c\u0438\u043d\u0443\u0442"},"schema":{"@context":"https:\/\/schema.org","@graph":[{"@type":"WebPage","@id":"https:\/\/masterepoksi.com\/kvkk-aydinlatma-metni\/","url":"https:\/\/masterepoksi.com\/kvkk-aydinlatma-metni\/","name":"KVKK Ayd\u0131nlatma Metni - Master Epoksi","isPartOf":{"@id":"https:\/\/masterepoksi.com\/#website"},"datePublished":"2021-02-02T15:21:56+00:00","dateModified":"2021-02-02T15:39:26+00:00","inLanguage":"ru-RU","potentialAction":[{"@type":"ReadAction","target":["https:\/\/masterepoksi.com\/kvkk-aydinlatma-metni\/"]}]},{"@type":"WebSite","@id":"https:\/\/masterepoksi.com\/#website","url":"https:\/\/masterepoksi.com\/","name":"Master Epoksi","description":"Beton zeminleriniz  Master Epoksi ile korunsun!","publisher":{"@id":"https:\/\/masterepoksi.com\/#organization"},"potentialAction":[{"@type":"SearchAction","target":{"@type":"EntryPoint","urlTemplate":"https:\/\/masterepoksi.com\/?s={search_term_string}"},"query-input":{"@type":"PropertyValueSpecification","valueRequired":true,"valueName":"search_term_string"}}],"inLanguage":"ru-RU"},{"@type":"Organization","@id":"https:\/\/masterepoksi.com\/#organization","name":"Master Epoksi","url":"https:\/\/masterepoksi.com\/","logo":{"@type":"ImageObject","inLanguage":"ru-RU","@id":"https:\/\/masterepoksi.com\/#\/schema\/logo\/image\/","url":"https:\/\/masterepoksi.com\/wp-content\/uploads\/2021\/01\/logo.svg","contentUrl":"https:\/\/masterepoksi.com\/wp-content\/uploads\/2021\/01\/logo.svg","width":1,"height":1,"caption":"Master Epoksi"},"image":{"@id":"https:\/\/masterepoksi.com\/#\/schema\/logo\/image\/"},"sameAs":["https:\/\/www.facebook.com\/masterepoksi","https:\/\/www.instagram.com\/master_epoksi\/?hl=tr"]}]}},"_links":{"self":[{"href":"https:\/\/masterepoksi.com\/ru\/wp-json\/wp\/v2\/pages\/1888","targetHints":{"allow":["GET"]}}],"collection":[{"href":"https:\/\/masterepoksi.com\/ru\/wp-json\/wp\/v2\/pages"}],"about":[{"href":"https:\/\/masterepoksi.com\/ru\/wp-json\/wp\/v2\/types\/page"}],"author":[{"embeddable":true,"href":"https:\/\/masterepoksi.com\/ru\/wp-json\/wp\/v2\/users\/1"}],"replies":[{"embeddable":true,"href":"https:\/\/masterepoksi.com\/ru\/wp-json\/wp\/v2\/comments?post=1888"}],"version-history":[{"count":10,"href":"https:\/\/masterepoksi.com\/ru\/wp-json\/wp\/v2\/pages\/1888\/revisions"}],"predecessor-version":[{"id":1901,"href":"https:\/\/masterepoksi.com\/ru\/wp-json\/wp\/v2\/pages\/1888\/revisions\/1901"}],"wp:attachment":[{"href":"https:\/\/masterepoksi.com\/ru\/wp-json\/wp\/v2\/media?parent=1888"}],"curies":[{"name":"wp","href":"https:\/\/api.w.org\/{rel}","templated":true}]}}