{"id":1868,"date":"2021-02-02T14:58:39","date_gmt":"2021-02-02T14:58:39","guid":{"rendered":"http:\/\/masterepoksi.com\/?page_id=1868"},"modified":"2021-02-02T15:50:56","modified_gmt":"2021-02-02T15:50:56","slug":"cerez-politikasi","status":"publish","type":"page","link":"https:\/\/masterepoksi.com\/ru\/cerez-politikasi\/","title":{"rendered":"\u041f\u043e\u043b\u0438\u0442\u0438\u043a\u0430 \u0438\u0441\u043f\u043e\u043b\u044c\u0437\u043e\u0432\u0430\u043d\u0438\u044f \u0444\u0430\u0439\u043b\u043e\u0432 cookie"},"content":{"rendered":"<div data-elementor-type=\"wp-page\" data-elementor-id=\"1868\" class=\"elementor elementor-1868\" data-elementor-post-type=\"page\">\n\t\t\t\t\t\t<section class=\"elementor-section elementor-top-section elementor-element elementor-element-1fcef1e elementor-section-boxed elementor-section-height-default elementor-section-height-default\" data-id=\"1fcef1e\" data-element_type=\"section\" data-e-type=\"section\">\n\t\t\t\t\t\t<div class=\"elementor-container elementor-column-gap-default\">\n\t\t\t\t\t<div class=\"elementor-column elementor-col-50 elementor-top-column elementor-element elementor-element-0b2196d\" data-id=\"0b2196d\" data-element_type=\"column\" data-e-type=\"column\">\n\t\t\t<div class=\"elementor-widget-wrap\">\n\t\t\t\t\t\t\t<\/div>\n\t\t<\/div>\n\t\t\t\t<div class=\"elementor-column elementor-col-50 elementor-top-column elementor-element elementor-element-e347a5e\" data-id=\"e347a5e\" data-element_type=\"column\" data-e-type=\"column\">\n\t\t\t<div class=\"elementor-widget-wrap elementor-element-populated\">\n\t\t\t\t\t\t<div class=\"elementor-element elementor-element-c292a45 elementor-widget elementor-widget-heading\" data-id=\"c292a45\" data-element_type=\"widget\" data-e-type=\"widget\" data-widget_type=\"heading.default\">\n\t\t\t\t<div class=\"elementor-widget-container\">\n\t\t\t\t\t<h2 class=\"elementor-heading-title elementor-size-default\">\u041f\u043e\u043b\u0438\u0442\u0438\u043a\u0430 \u0438\u0441\u043f\u043e\u043b\u044c\u0437\u043e\u0432\u0430\u043d\u0438\u044f \u0444\u0430\u0439\u043b\u043e\u0432 cookie<\/h2>\t\t\t\t<\/div>\n\t\t\t\t<\/div>\n\t\t\t\t\t<\/div>\n\t\t<\/div>\n\t\t\t\t\t<\/div>\n\t\t<\/section>\n\t\t\t\t<section class=\"elementor-section elementor-top-section elementor-element elementor-element-9d5414f elementor-section-boxed elementor-section-height-default elementor-section-height-default\" data-id=\"9d5414f\" data-element_type=\"section\" data-e-type=\"section\">\n\t\t\t\t\t\t<div class=\"elementor-container elementor-column-gap-default\">\n\t\t\t\t\t<div class=\"elementor-column elementor-col-100 elementor-top-column elementor-element elementor-element-ce41d2e\" data-id=\"ce41d2e\" data-element_type=\"column\" data-e-type=\"column\">\n\t\t\t<div class=\"elementor-widget-wrap elementor-element-populated\">\n\t\t\t\t\t\t<div class=\"elementor-element elementor-element-5ae2e33 elementor-widget elementor-widget-text-editor\" data-id=\"5ae2e33\" data-element_type=\"widget\" data-e-type=\"widget\" data-widget_type=\"text-editor.default\">\n\t\t\t\t<div class=\"elementor-widget-container\">\n\t\t\t\t\t\t\t\t\t<p>\u0130\u015fbu Gizlilik Politikas\u0131\u2019n\u0131n amac\u0131, Master Epoksi (\u201c\u015eirket\u201d) taraf\u0131ndan i\u015fletilen https\/\/www.masterepoksi.com internet sitesinin (\u201cSite\u201d) i\u015fletilmesi s\u0131ras\u0131nda Site kullan\u0131c\u0131lar\u0131\/ziyaret\u00e7ileri (\u201cVeri Sahibi\u201d) taraf\u0131ndan \u015eirket ile payla\u015f\u0131lan veya \u015eirket\u2019in, Veri Sahibi\u2019nin Site\u2019yi kullan\u0131m\u0131 s\u0131ras\u0131nda payla\u015ft\u0131\u011f\u0131 ki\u015fisel verilerin i\u015flenerek muhafaza edilmesini i\u015fbu Gizlilik Politikas\u0131 kapsam\u0131nda y\u00fcr\u00fctmektedir.<\/p><p>Bu kapsamda, \u015eirket, web sitesinde yer alan sayfalar\u0131, g\u00f6rselleri ve ba\u011flant\u0131lar\u0131 tek tarafl\u0131 ve \u00f6nceden haber vermeden de\u011fi\u015ftirme, d\u00fczeltme ve\/veya sona erdirme hakk\u0131na sahiptir.<\/p><p>Ayr\u0131ca, belirtmek gerekir ki taray\u0131c\u0131 ayarlar\u0131 yoluyla \u00e7erez kullan\u0131m\u0131n\u0131 her zaman d\u00fczenleyebilirsiniz.<\/p><p>\u00a0<\/p><p><strong>\u0130\u015flenebilecek Ki\u015fisel Veriler<\/strong><\/p><p>\u015eirketimiz ile ili\u015fkili t\u00fcm \u015fah\u0131slara ait ki\u015fisel veri niteli\u011fi addedilen ve Ki\u015fisel Verilerin Korunmas\u0131 Kanunu (\u201cKVKK\u201d) uyar\u0131nca da \u201cki\u015fisel veri\u201d kabul edilen t\u00fcm veriler KVKK\u2019ya uygun olarak i\u015fenerek muhafaza edilmektedir.<\/p><p>\u00a0<\/p><p><strong>Veri G\u00fcvenli\u011fi<\/strong><\/p><p>Web sitemiz ile ilgili veri sorumlusunun kimli\u011fi, ki\u015fisel veri i\u015fleme ama\u00e7lar\u0131m\u0131z, toplama y\u00f6ntemlerimiz, kimlere aktar\u0131ld\u0131\u011f\u0131 gibi bilgiler Ayd\u0131nlatma Metnimizde yer almaktad\u0131r. \u00c7erez Politikam\u0131za ve \u015firketimizin Ki\u015fisel Verilerin Korunmas\u0131 ve \u0130\u015flenmesi Politikas\u0131na sitemizden ula\u015fabilirsiniz.<\/p><p>\u015eirketimiz KVKK kapsam\u0131nda veri g\u00fcvenli\u011fine ili\u015fkin belirlenmi\u015f uygun teknik ve idari tedbirleri almaktad\u0131r.<\/p><p>Ki\u015fisel verilerin korunmas\u0131 ile ilgili metinlerimizde de\u011fi\u015fikliklerin ya\u015fanmas\u0131 halinde i\u015fbu metinler web sitemizde en g\u00fcncel haliyle yeniden ilan edilecektir.<\/p><p>Web sitemizde yer alan \u00fcr\u00fcn, hizmet veya malzeme bilgileri gibi bizlere ve\/veya grup \u015firketlerimize ait g\u00f6rsellerin yasal telif haklar\u0131 \u015firketimize ait olup bunlar\u0131n \u015firketimizin izni olmadan \u00e7o\u011falt\u0131lmas\u0131, kopyalanmas\u0131, de\u011fi\u015ftirilmesi veya herhangi bir ticari ba\u015fka ama\u00e7la kullan\u0131lmas\u0131 yasakt\u0131r.<\/p><p>Web sitemizin kullan\u0131lmas\u0131 esnas\u0131nda sistemsel veya cihaz performans\u0131n\u0131za ili\u015fkin hata ve ar\u0131zalar, kesintiler, bilgisayar vir\u00fcs\u00fc veya sunucu hatas\u0131 gibi do\u011frudan veya dolayl\u0131 ortaya \u00e7\u0131kabilecek hi\u00e7bir zarar veya masraftan dolay\u0131 \u015firketimiz sorumlu tutulamaz.<\/p><p>\u00a0<\/p><p><strong>\u00c7erez Politikalar\u0131<\/strong><\/p><p>Master Epoksi (\u201cMaster Epoksi\u201d) olarak g\u00fcn\u00fcm\u00fcz\u00fcn bilgi teknolojileri ve internet kullan\u0131m\u0131na uygun, g\u00fcncel teknoloji, deklarasyonlar ve kanunlara ba\u011fl\u0131 kalarak web sitemizin g\u00fcncelli\u011fini ve g\u00fcvenli\u011fini sa\u011flamaktay\u0131z.<\/p><p>\u0130\u015fbu gizlilik, \u00e7erez kullan\u0131m\u0131 ve ki\u015fisel verilerin korunmas\u0131 (\u201cpolitika\u201d) hususunda kullan\u0131c\u0131lar\u0131m\u0131z\u0131 haberdar etme ve a\u00e7\u0131klama yapma y\u00f6nerge ve bilgileri a\u015fa\u011f\u0131da bulunmaktad\u0131r.<\/p><p>\u00a0<\/p><p><strong>\u00c7erez (cookie) Nedir?<\/strong><\/p><p>\u00c7erezler web sitemizin kullan\u0131m\u0131 i\u00e7in web site sunucusundan bilgisayar\u0131n\u0131za veya mobil ayg\u0131tlar\u0131n\u0131za b\u0131rak\u0131lan i\u00e7eri\u011finde kullan\u0131c\u0131lar\u0131n bilgilerini (en \u00e7ok gezilen k\u0131s\u0131mlar, dil se\u00e7ene\u011fi vb.) bar\u0131nd\u0131ran metin tabanl\u0131 dosyalard\u0131r.<\/p><p>Web sitemizde \u00e7erez kullan\u0131lmas\u0131n\u0131n ba\u015fl\u0131ca ama\u00e7lar\u0131 a\u015fa\u011f\u0131da s\u0131ralanmaktad\u0131r:<\/p><ul><li>Ziyaret\u00e7ilerimize sunulan hizmetleri geli\u015ftirmek yolunda web sitemizin i\u015flevselli\u011fini ve performans\u0131n\u0131 artt\u0131rmam\u0131za yard\u0131mc\u0131 olmak,<\/li><li>Web sitemizi iyile\u015ftirmek ve web sitemiz \u00fczerinden yeni \u00f6zellikler sunmak ve sunulan \u00f6zellikleri sizlerin tercihlerine g\u00f6re ki\u015fiselle\u015ftirmek;<\/li><li>Ziyaret\u00e7ilerimizin, \u015firketimizin ve web sitemizin hukuki ve ticari g\u00fcvenli\u011finin teminini sa\u011flamak.<\/li><\/ul><p>Web taray\u0131c\u0131lar (Google Chrome, Opera, Firefox gibi) \u00e7erezleri kendi b\u00fcnyelerinde bar\u0131nd\u0131rmaktad\u0131r. \u0130stedi\u011finiz durumlarda \u00e7erezlerin kullan\u0131m\u0131n\u0131 kapatman\u0131z m\u00fcmk\u00fcn olup,\u00a0 Taray\u0131c\u0131lar i\u00e7in \u00e7erez y\u00f6netimi i\u00e7in a\u015fa\u011f\u0131daki dok\u00fcmanlardan yararlanabilirsiniz<\/p><ul><li>Google Chrome: http:\/\/www.google.com\/support\/chrome\/bin\/answer.py?hl=en&amp;answer=95647<\/li><li>Internet Explorer: https:\/\/support.microsoft.com\/en-us\/help\/17442\/windows-internet-explorerdelete-manage-cookies<\/li><li>MozillaFirefox: http:\/\/support.mozilla.com\/en-US\/kb\/Cookies<\/li><li>Opera: http:\/\/www.opera.com\/browser\/tutorials\/security\/privacy\/<\/li><li>Safari: https:\/\/support.apple.com\/kb\/ph19214?locale=tr_TR<\/li><\/ul><p>\u00c7erezler hakk\u0131nda daha detayl\u0131 bilgi i\u00e7in www.aboutcookies.org ve www.allaboutcookies.org adreslerini ziyaret edebilirsiniz.<\/p><p>\u00a0<\/p><p><strong>\u00c7erez T\u00fcrleri:<\/strong><\/p><p><strong>Ge\u00e7ici \u00e7erezler:\u00a0<\/strong>Kullan\u0131c\u0131lar\u0131n web sitelerini ziyareti esnas\u0131nda anl\u0131k kullan\u0131lan \u00e7erezlerdir. Taray\u0131c\u0131 kapat\u0131ld\u0131ktan sonra otomatik olarak bilgisayar\u0131n\u0131zdan ya da mobil cihazlar\u0131n\u0131zdan silinirler. Bu t\u00fcr \u00e7erezler ile ama\u00e7lanan ziyaretiniz s\u00fcresince web sitesinin d\u00fczg\u00fcn bir bi\u00e7imde \u00e7al\u0131\u015fmas\u0131n\u0131 temin etmektir.<\/p><p><strong>Kal\u0131c\u0131 \u00e7erezler:\u00a0<\/strong>Web sitesinde d\u00f6n\u00fc\u015f yapan kullan\u0131c\u0131lar\u0131n bilgilerinin tutuldu\u011fu, tercihlerinin hat\u0131rlat\u0131ld\u0131\u011f\u0131 \u00e7erezlerdir. Kal\u0131c\u0131 \u00e7erezler ile ama\u00e7lanan web sitesinin i\u015flevselli\u011fini art\u0131rmak, ziyaret\u00e7ilere daha h\u0131zl\u0131 ve iyi bir hizmet sunmakt\u0131r. \u00d6rne\u011fin kullan\u0131c\u0131 giri\u015fi yap\u0131lm\u0131\u015f bir sistemde taray\u0131c\u0131n\u0131z\u0131 kapat\u0131p tekrar a\u00e7t\u0131\u011f\u0131n\u0131zda kullan\u0131c\u0131 giri\u015fi istemeden i\u015flemlerinize devam etmenizi sa\u011flayabilirler. Bu \u00e7erezler s\u00fcreleri bitimine kadar bilgisayar ya da mobil cihaz\u0131n\u0131zda bulunur ve s\u00fcre bitimlerinde silinirler.<\/p><p><strong>Performans ve analiz \u00e7erezleri:\u00a0<\/strong>Kullan\u0131c\u0131lar\u0131n web sitesinde ortalama kal\u0131nan s\u00fcre, ziyaret edilen sayfalar gibi verilerin i\u015flenmesi i\u00e7in kullan\u0131lan \u00e7erezlerdir.<\/p><p><strong>\u0130\u015flevsellik \u00e7erezleri:\u00a0<\/strong>Web sitelerinin dil, ara y\u00fcz vb. kullan\u0131c\u0131lar\u0131n kullan\u0131m al\u0131\u015fkanl\u0131klar\u0131 ve \u00f6zelle\u015ftirmelerinin tutuldu\u011fu \u00e7erezlerdir.<\/p><p>Web sitemizin kulland\u0131\u011f\u0131 \u00e7erezler a\u015fa\u011f\u0131da listelenmi\u015ftir.<\/p><p><strong>_ga, _gat, _gid:\u00a0<\/strong>Google Analytics i\u00e7in kullan\u0131lan \u00e7erezlerdir. Rastgele \u00fcretilmi\u015f kullan\u0131c\u0131 ID\u2019si (benzersiz kullan\u0131c\u0131lar\u0131 anlamak i\u00e7in), ziyaret amac\u0131n\u0131 de\u011ferlendirmek, web sitesi i\u00e7in gerekli raporlar\u0131 derleyerek kullan\u0131c\u0131 etkile\u015fimini raporlamak i\u00e7in kullan\u0131l\u0131r.<\/p><p>Yukar\u0131da belirtilenler haricinde taraf\u0131m\u0131zca herhangi ba\u015fka bir \u00e7erez kullan\u0131lmamakta olup, hi\u00e7 bir ki\u015fisel veriniz herhangi bir 3. tarafa aktar\u0131lmamaktad\u0131r.<\/p><p>Bilgisayar veya mobil cihaz\u0131n\u0131zda Google Analytics izinlerini iptal etmek istemeniz durumunda https:\/\/tools.google.com\/dlpage\/gaoptout adresini ziyaret edebilirsiniz.<\/p><p>\u00c7erez politikam\u0131z hakk\u0131nda detayl\u0131 bilgi i\u00e7in Master Epoksi, Alaaddinbey Mah. 641.Sok. Huzur Plaza B Blok No:4B\/D Nil\u00fcfer \/ Bursa, T\u00fcrkiye posta adresimizden veya info@masterepoksi.com\u00a0e-posta adresimizden bize ula\u015fabilirsiniz.<\/p><p>Yukar\u0131daki politika h\u00fck\u00fcmleri Master Epoksi taraf\u0131ndan de\u011fi\u015ftirilebilir. G\u00fcncel politika web sitemizde yay\u0131nland\u0131\u011f\u0131 tarihten itibaren y\u00fcr\u00fcrl\u00fck kazan\u0131r.<\/p><p>\u00a0<\/p>\t\t\t\t\t\t\t\t<\/div>\n\t\t\t\t<\/div>\n\t\t\t\t\t<\/div>\n\t\t<\/div>\n\t\t\t\t\t<\/div>\n\t\t<\/section>\n\t\t\t\t<\/div>","protected":false},"excerpt":{"rendered":"<p>\u00c7erez Politikas\u0131 \u0130\u015fbu Gizlilik Politikas\u0131\u2019n\u0131n amac\u0131, Master Epoksi (\u201c\u015eirket\u201d) taraf\u0131ndan i\u015fletilen https\/\/www.masterepoksi.com internet sitesinin (\u201cSite\u201d) i\u015fletilmesi s\u0131ras\u0131nda Site kullan\u0131c\u0131lar\u0131\/ziyaret\u00e7ileri (\u201cVeri Sahibi\u201d) taraf\u0131ndan \u015eirket ile payla\u015f\u0131lan veya \u015eirket\u2019in, Veri Sahibi\u2019nin Site\u2019yi kullan\u0131m\u0131 s\u0131ras\u0131nda payla\u015ft\u0131\u011f\u0131 ki\u015fisel verilerin i\u015flenerek muhafaza edilmesini i\u015fbu Gizlilik Politikas\u0131 kapsam\u0131nda y\u00fcr\u00fctmektedir. Bu kapsamda, \u015eirket, web sitesinde yer alan sayfalar\u0131, g\u00f6rselleri ve ba\u011flant\u0131lar\u0131 tek [&hellip;]<\/p>\n","protected":false},"author":1,"featured_media":0,"parent":0,"menu_order":0,"comment_status":"closed","ping_status":"closed","template":"","meta":{"footnotes":""},"class_list":["post-1868","page","type-page","status-publish","hentry"],"yoast_head":"<!-- This site is optimized with the Yoast SEO plugin v27.3 - https:\/\/yoast.com\/product\/yoast-seo-wordpress\/ -->\n<title>\u00c7erez Politikas\u0131 - Master Epoksi<\/title>\n<meta name=\"robots\" content=\"index, follow, max-snippet:-1, max-image-preview:large, max-video-preview:-1\" \/>\n<link rel=\"canonical\" href=\"https:\/\/masterepoksi.com\/ru\/cerez-politikasi\/\" \/>\n<meta property=\"og:locale\" content=\"ru_RU\" \/>\n<meta property=\"og:type\" content=\"article\" \/>\n<meta property=\"og:title\" content=\"\u00c7erez Politikas\u0131 - Master Epoksi\" \/>\n<meta property=\"og:description\" content=\"\u00c7erez Politikas\u0131 \u0130\u015fbu Gizlilik Politikas\u0131\u2019n\u0131n amac\u0131, Master Epoksi (\u201c\u015eirket\u201d) taraf\u0131ndan i\u015fletilen https\/\/www.masterepoksi.com internet sitesinin (\u201cSite\u201d) i\u015fletilmesi s\u0131ras\u0131nda Site kullan\u0131c\u0131lar\u0131\/ziyaret\u00e7ileri (\u201cVeri Sahibi\u201d) taraf\u0131ndan \u015eirket ile payla\u015f\u0131lan veya \u015eirket\u2019in, Veri Sahibi\u2019nin Site\u2019yi kullan\u0131m\u0131 s\u0131ras\u0131nda payla\u015ft\u0131\u011f\u0131 ki\u015fisel verilerin i\u015flenerek muhafaza edilmesini i\u015fbu Gizlilik Politikas\u0131 kapsam\u0131nda y\u00fcr\u00fctmektedir. Bu kapsamda, \u015eirket, web sitesinde yer alan sayfalar\u0131, g\u00f6rselleri ve ba\u011flant\u0131lar\u0131 tek [&hellip;]\" \/>\n<meta property=\"og:url\" content=\"https:\/\/masterepoksi.com\/ru\/cerez-politikasi\/\" \/>\n<meta property=\"og:site_name\" content=\"Master Epoksi\" \/>\n<meta property=\"article:publisher\" content=\"https:\/\/www.facebook.com\/masterepoksi\" \/>\n<meta property=\"article:modified_time\" content=\"2021-02-02T15:50:56+00:00\" \/>\n<meta name=\"twitter:card\" content=\"summary_large_image\" \/>\n<meta name=\"twitter:label1\" content=\"\u041f\u0440\u0438\u043c\u0435\u0440\u043d\u043e\u0435 \u0432\u0440\u0435\u043c\u044f \u0434\u043b\u044f \u0447\u0442\u0435\u043d\u0438\u044f\" \/>\n\t<meta name=\"twitter:data1\" content=\"3 \u043c\u0438\u043d\u0443\u0442\u044b\" \/>\n<script type=\"application\/ld+json\" class=\"yoast-schema-graph\">{\"@context\":\"https:\\\/\\\/schema.org\",\"@graph\":[{\"@type\":\"WebPage\",\"@id\":\"https:\\\/\\\/masterepoksi.com\\\/cerez-politikasi\\\/\",\"url\":\"https:\\\/\\\/masterepoksi.com\\\/cerez-politikasi\\\/\",\"name\":\"\u00c7erez Politikas\u0131 - Master Epoksi\",\"isPartOf\":{\"@id\":\"https:\\\/\\\/masterepoksi.com\\\/#website\"},\"datePublished\":\"2021-02-02T14:58:39+00:00\",\"dateModified\":\"2021-02-02T15:50:56+00:00\",\"inLanguage\":\"ru-RU\",\"potentialAction\":[{\"@type\":\"ReadAction\",\"target\":[\"https:\\\/\\\/masterepoksi.com\\\/cerez-politikasi\\\/\"]}]},{\"@type\":\"WebSite\",\"@id\":\"https:\\\/\\\/masterepoksi.com\\\/#website\",\"url\":\"https:\\\/\\\/masterepoksi.com\\\/\",\"name\":\"Master Epoksi\",\"description\":\"Beton zeminleriniz  Master Epoksi ile korunsun!\",\"publisher\":{\"@id\":\"https:\\\/\\\/masterepoksi.com\\\/#organization\"},\"potentialAction\":[{\"@type\":\"SearchAction\",\"target\":{\"@type\":\"EntryPoint\",\"urlTemplate\":\"https:\\\/\\\/masterepoksi.com\\\/?s={search_term_string}\"},\"query-input\":{\"@type\":\"PropertyValueSpecification\",\"valueRequired\":true,\"valueName\":\"search_term_string\"}}],\"inLanguage\":\"ru-RU\"},{\"@type\":\"Organization\",\"@id\":\"https:\\\/\\\/masterepoksi.com\\\/#organization\",\"name\":\"Master Epoksi\",\"url\":\"https:\\\/\\\/masterepoksi.com\\\/\",\"logo\":{\"@type\":\"ImageObject\",\"inLanguage\":\"ru-RU\",\"@id\":\"https:\\\/\\\/masterepoksi.com\\\/#\\\/schema\\\/logo\\\/image\\\/\",\"url\":\"https:\\\/\\\/masterepoksi.com\\\/wp-content\\\/uploads\\\/2021\\\/01\\\/logo.svg\",\"contentUrl\":\"https:\\\/\\\/masterepoksi.com\\\/wp-content\\\/uploads\\\/2021\\\/01\\\/logo.svg\",\"width\":1,\"height\":1,\"caption\":\"Master Epoksi\"},\"image\":{\"@id\":\"https:\\\/\\\/masterepoksi.com\\\/#\\\/schema\\\/logo\\\/image\\\/\"},\"sameAs\":[\"https:\\\/\\\/www.facebook.com\\\/masterepoksi\",\"https:\\\/\\\/www.instagram.com\\\/master_epoksi\\\/?hl=tr\"]}]}<\/script>\n<!-- \/ Yoast SEO plugin. -->","yoast_head_json":{"title":"\u00c7erez Politikas\u0131 - Master Epoksi","robots":{"index":"index","follow":"follow","max-snippet":"max-snippet:-1","max-image-preview":"max-image-preview:large","max-video-preview":"max-video-preview:-1"},"canonical":"https:\/\/masterepoksi.com\/ru\/cerez-politikasi\/","og_locale":"ru_RU","og_type":"article","og_title":"\u00c7erez Politikas\u0131 - Master Epoksi","og_description":"\u00c7erez Politikas\u0131 \u0130\u015fbu Gizlilik Politikas\u0131\u2019n\u0131n amac\u0131, Master Epoksi (\u201c\u015eirket\u201d) taraf\u0131ndan i\u015fletilen https\/\/www.masterepoksi.com internet sitesinin (\u201cSite\u201d) i\u015fletilmesi s\u0131ras\u0131nda Site kullan\u0131c\u0131lar\u0131\/ziyaret\u00e7ileri (\u201cVeri Sahibi\u201d) taraf\u0131ndan \u015eirket ile payla\u015f\u0131lan veya \u015eirket\u2019in, Veri Sahibi\u2019nin Site\u2019yi kullan\u0131m\u0131 s\u0131ras\u0131nda payla\u015ft\u0131\u011f\u0131 ki\u015fisel verilerin i\u015flenerek muhafaza edilmesini i\u015fbu Gizlilik Politikas\u0131 kapsam\u0131nda y\u00fcr\u00fctmektedir. Bu kapsamda, \u015eirket, web sitesinde yer alan sayfalar\u0131, g\u00f6rselleri ve ba\u011flant\u0131lar\u0131 tek [&hellip;]","og_url":"https:\/\/masterepoksi.com\/ru\/cerez-politikasi\/","og_site_name":"Master Epoksi","article_publisher":"https:\/\/www.facebook.com\/masterepoksi","article_modified_time":"2021-02-02T15:50:56+00:00","twitter_card":"summary_large_image","twitter_misc":{"\u041f\u0440\u0438\u043c\u0435\u0440\u043d\u043e\u0435 \u0432\u0440\u0435\u043c\u044f \u0434\u043b\u044f \u0447\u0442\u0435\u043d\u0438\u044f":"3 \u043c\u0438\u043d\u0443\u0442\u044b"},"schema":{"@context":"https:\/\/schema.org","@graph":[{"@type":"WebPage","@id":"https:\/\/masterepoksi.com\/cerez-politikasi\/","url":"https:\/\/masterepoksi.com\/cerez-politikasi\/","name":"\u00c7erez Politikas\u0131 - Master Epoksi","isPartOf":{"@id":"https:\/\/masterepoksi.com\/#website"},"datePublished":"2021-02-02T14:58:39+00:00","dateModified":"2021-02-02T15:50:56+00:00","inLanguage":"ru-RU","potentialAction":[{"@type":"ReadAction","target":["https:\/\/masterepoksi.com\/cerez-politikasi\/"]}]},{"@type":"WebSite","@id":"https:\/\/masterepoksi.com\/#website","url":"https:\/\/masterepoksi.com\/","name":"Master Epoksi","description":"Beton zeminleriniz  Master Epoksi ile korunsun!","publisher":{"@id":"https:\/\/masterepoksi.com\/#organization"},"potentialAction":[{"@type":"SearchAction","target":{"@type":"EntryPoint","urlTemplate":"https:\/\/masterepoksi.com\/?s={search_term_string}"},"query-input":{"@type":"PropertyValueSpecification","valueRequired":true,"valueName":"search_term_string"}}],"inLanguage":"ru-RU"},{"@type":"Organization","@id":"https:\/\/masterepoksi.com\/#organization","name":"Master Epoksi","url":"https:\/\/masterepoksi.com\/","logo":{"@type":"ImageObject","inLanguage":"ru-RU","@id":"https:\/\/masterepoksi.com\/#\/schema\/logo\/image\/","url":"https:\/\/masterepoksi.com\/wp-content\/uploads\/2021\/01\/logo.svg","contentUrl":"https:\/\/masterepoksi.com\/wp-content\/uploads\/2021\/01\/logo.svg","width":1,"height":1,"caption":"Master Epoksi"},"image":{"@id":"https:\/\/masterepoksi.com\/#\/schema\/logo\/image\/"},"sameAs":["https:\/\/www.facebook.com\/masterepoksi","https:\/\/www.instagram.com\/master_epoksi\/?hl=tr"]}]}},"_links":{"self":[{"href":"https:\/\/masterepoksi.com\/ru\/wp-json\/wp\/v2\/pages\/1868","targetHints":{"allow":["GET"]}}],"collection":[{"href":"https:\/\/masterepoksi.com\/ru\/wp-json\/wp\/v2\/pages"}],"about":[{"href":"https:\/\/masterepoksi.com\/ru\/wp-json\/wp\/v2\/types\/page"}],"author":[{"embeddable":true,"href":"https:\/\/masterepoksi.com\/ru\/wp-json\/wp\/v2\/users\/1"}],"replies":[{"embeddable":true,"href":"https:\/\/masterepoksi.com\/ru\/wp-json\/wp\/v2\/comments?post=1868"}],"version-history":[{"count":19,"href":"https:\/\/masterepoksi.com\/ru\/wp-json\/wp\/v2\/pages\/1868\/revisions"}],"predecessor-version":[{"id":1908,"href":"https:\/\/masterepoksi.com\/ru\/wp-json\/wp\/v2\/pages\/1868\/revisions\/1908"}],"wp:attachment":[{"href":"https:\/\/masterepoksi.com\/ru\/wp-json\/wp\/v2\/media?parent=1868"}],"curies":[{"name":"wp","href":"https:\/\/api.w.org\/{rel}","templated":true}]}}