{"id":473,"date":"2021-01-15T12:15:52","date_gmt":"2021-01-15T12:15:52","guid":{"rendered":"http:\/\/masterepoksi.com\/?page_id=473"},"modified":"2021-05-28T09:22:07","modified_gmt":"2021-05-28T09:22:07","slug":"hakkimizda","status":"publish","type":"page","link":"https:\/\/masterepoksi.com\/en\/hakkimizda\/","title":{"rendered":"About Us"},"content":{"rendered":"<div data-elementor-type=\"wp-page\" data-elementor-id=\"473\" class=\"elementor elementor-473\" data-elementor-post-type=\"page\">\n\t\t\t\t\t\t<section class=\"elementor-section elementor-top-section elementor-element elementor-element-caf9bec elementor-section-boxed elementor-section-height-default elementor-section-height-default\" data-id=\"caf9bec\" data-element_type=\"section\" data-e-type=\"section\">\n\t\t\t\t\t\t<div class=\"elementor-container elementor-column-gap-default\">\n\t\t\t\t\t<div class=\"elementor-column elementor-col-50 elementor-top-column elementor-element elementor-element-5ad39f6\" data-id=\"5ad39f6\" data-element_type=\"column\" data-e-type=\"column\">\n\t\t\t<div class=\"elementor-widget-wrap\">\n\t\t\t\t\t\t\t<\/div>\n\t\t<\/div>\n\t\t\t\t<div class=\"elementor-column elementor-col-50 elementor-top-column elementor-element elementor-element-d6eed88\" data-id=\"d6eed88\" data-element_type=\"column\" data-e-type=\"column\">\n\t\t\t<div class=\"elementor-widget-wrap elementor-element-populated\">\n\t\t\t\t\t\t<div class=\"elementor-element elementor-element-647ad1d elementor-widget elementor-widget-heading\" data-id=\"647ad1d\" data-element_type=\"widget\" data-e-type=\"widget\" data-widget_type=\"heading.default\">\n\t\t\t\t<div class=\"elementor-widget-container\">\n\t\t\t\t\t<h2 class=\"elementor-heading-title elementor-size-default\">With Master Epoxy your \"place\" is very nice.<\/h2>\t\t\t\t<\/div>\n\t\t\t\t<\/div>\n\t\t\t\t\t<\/div>\n\t\t<\/div>\n\t\t\t\t\t<\/div>\n\t\t<\/section>\n\t\t\t\t<section class=\"elementor-section elementor-top-section elementor-element elementor-element-b1ff647 elementor-hidden-desktop elementor-hidden-tablet elementor-section-boxed elementor-section-height-default elementor-section-height-default\" data-id=\"b1ff647\" data-element_type=\"section\" data-e-type=\"section\">\n\t\t\t\t\t\t<div class=\"elementor-container elementor-column-gap-default\">\n\t\t\t\t\t<div class=\"elementor-column elementor-col-33 elementor-top-column elementor-element elementor-element-5777552\" data-id=\"5777552\" data-element_type=\"column\" data-e-type=\"column\">\n\t\t\t<div class=\"elementor-widget-wrap\">\n\t\t\t\t\t\t\t<\/div>\n\t\t<\/div>\n\t\t\t\t<div class=\"elementor-column elementor-col-33 elementor-top-column elementor-element elementor-element-eb96221\" data-id=\"eb96221\" data-element_type=\"column\" data-e-type=\"column\">\n\t\t\t<div class=\"elementor-widget-wrap elementor-element-populated\">\n\t\t\t\t\t\t<div class=\"elementor-element elementor-element-9723685 elementor-widget elementor-widget-heading\" data-id=\"9723685\" data-element_type=\"widget\" data-e-type=\"widget\" data-widget_type=\"heading.default\">\n\t\t\t\t<div class=\"elementor-widget-container\">\n\t\t\t\t\t<h5 class=\"elementor-heading-title elementor-size-default\">Our company takes professionalism as a basis of our business model as we offer services in many different sectors, especially the construction sector.  Based on customer satisfaction, we offer the best solutions and products to every company we work with.<br><br>Our young and dynamic team is ready to assist you in the fields of flooring, insulation, and industrial paint. You can reach us from the Contact page or come to visit us.<\/h5>\t\t\t\t<\/div>\n\t\t\t\t<\/div>\n\t\t\t\t\t<\/div>\n\t\t<\/div>\n\t\t\t\t<div class=\"elementor-column elementor-col-33 elementor-top-column elementor-element elementor-element-274c34b\" data-id=\"274c34b\" data-element_type=\"column\" data-e-type=\"column\">\n\t\t\t<div class=\"elementor-widget-wrap elementor-element-populated\">\n\t\t\t\t\t\t<div class=\"elementor-element elementor-element-83caf46 elementor-widget elementor-widget-image\" data-id=\"83caf46\" data-element_type=\"widget\" data-e-type=\"widget\" data-widget_type=\"image.default\">\n\t\t\t\t<div class=\"elementor-widget-container\">\n\t\t\t\t\t\t\t\t\t\t\t\t\t\t\t<img fetchpriority=\"high\" decoding=\"async\" width=\"608\" height=\"601\" src=\"https:\/\/masterepoksi.com\/wp-content\/uploads\/img-3-1.jpg\" class=\"attachment-large size-large wp-image-1027\" alt=\"\" srcset=\"https:\/\/masterepoksi.com\/wp-content\/uploads\/img-3-1.jpg 608w, https:\/\/masterepoksi.com\/wp-content\/uploads\/img-3-1-300x297.jpg 300w, https:\/\/masterepoksi.com\/wp-content\/uploads\/img-3-1-150x148.jpg 150w, https:\/\/masterepoksi.com\/wp-content\/uploads\/img-3-1-12x12.jpg 12w\" sizes=\"(max-width: 608px) 100vw, 608px\" \/>\t\t\t\t\t\t\t\t\t\t\t\t\t\t\t<\/div>\n\t\t\t\t<\/div>\n\t\t\t\t\t<\/div>\n\t\t<\/div>\n\t\t\t\t\t<\/div>\n\t\t<\/section>\n\t\t\t\t<section class=\"elementor-section elementor-top-section elementor-element elementor-element-5ad4db2 elementor-hidden-phone elementor-section-boxed elementor-section-height-default elementor-section-height-default\" data-id=\"5ad4db2\" data-element_type=\"section\" data-e-type=\"section\">\n\t\t\t\t\t\t<div class=\"elementor-container elementor-column-gap-default\">\n\t\t\t\t\t<div class=\"elementor-column elementor-col-33 elementor-top-column elementor-element elementor-element-c583977\" data-id=\"c583977\" data-element_type=\"column\" data-e-type=\"column\">\n\t\t\t<div class=\"elementor-widget-wrap\">\n\t\t\t\t\t\t\t<\/div>\n\t\t<\/div>\n\t\t\t\t<div class=\"elementor-column elementor-col-33 elementor-top-column elementor-element elementor-element-4eb052d\" data-id=\"4eb052d\" data-element_type=\"column\" data-e-type=\"column\">\n\t\t\t<div class=\"elementor-widget-wrap elementor-element-populated\">\n\t\t\t\t\t\t<div class=\"elementor-element elementor-element-de1c0d8 elementor-widget elementor-widget-heading\" data-id=\"de1c0d8\" data-element_type=\"widget\" data-e-type=\"widget\" data-widget_type=\"heading.default\">\n\t\t\t\t<div class=\"elementor-widget-container\">\n\t\t\t\t\t<h5 class=\"elementor-heading-title elementor-size-default\">Our company takes professionalism as a basis of our business model as we offer services in many different sectors, especially the construction sector.  Based on customer satisfaction, we offer the best solutions and products to every company we work with.<br><br>Our young and dynamic team is ready to assist you in the fields of flooring, insulation, and industrial paint. You can reach us from the Contact page or come to visit us.<\/h5>\t\t\t\t<\/div>\n\t\t\t\t<\/div>\n\t\t\t\t\t<\/div>\n\t\t<\/div>\n\t\t\t\t<div class=\"elementor-column elementor-col-33 elementor-top-column elementor-element elementor-element-0d8fab3\" data-id=\"0d8fab3\" data-element_type=\"column\" data-e-type=\"column\">\n\t\t\t<div class=\"elementor-widget-wrap elementor-element-populated\">\n\t\t\t\t\t\t<div class=\"elementor-element elementor-element-2a6e7f8 elementor-widget elementor-widget-image\" data-id=\"2a6e7f8\" data-element_type=\"widget\" data-e-type=\"widget\" data-widget_type=\"image.default\">\n\t\t\t\t<div class=\"elementor-widget-container\">\n\t\t\t\t\t\t\t\t\t\t\t\t\t\t\t<img fetchpriority=\"high\" decoding=\"async\" width=\"608\" height=\"601\" src=\"https:\/\/masterepoksi.com\/wp-content\/uploads\/img-3-1.jpg\" class=\"attachment-large size-large wp-image-1027\" alt=\"\" srcset=\"https:\/\/masterepoksi.com\/wp-content\/uploads\/img-3-1.jpg 608w, https:\/\/masterepoksi.com\/wp-content\/uploads\/img-3-1-300x297.jpg 300w, https:\/\/masterepoksi.com\/wp-content\/uploads\/img-3-1-150x148.jpg 150w, https:\/\/masterepoksi.com\/wp-content\/uploads\/img-3-1-12x12.jpg 12w\" sizes=\"(max-width: 608px) 100vw, 608px\" \/>\t\t\t\t\t\t\t\t\t\t\t\t\t\t\t<\/div>\n\t\t\t\t<\/div>\n\t\t\t\t<div class=\"elementor-element elementor-element-11ba66a elementor-hidden-phone elementor-widget elementor-widget-image\" data-id=\"11ba66a\" data-element_type=\"widget\" data-e-type=\"widget\" data-widget_type=\"image.default\">\n\t\t\t\t<div class=\"elementor-widget-container\">\n\t\t\t\t\t\t\t\t\t\t\t\t\t\t\t<img decoding=\"async\" width=\"1\" height=\"1\" src=\"https:\/\/masterepoksi.com\/wp-content\/uploads\/bg-img-1.svg\" class=\"attachment-large size-large wp-image-571\" alt=\"\" \/>\t\t\t\t\t\t\t\t\t\t\t\t\t\t\t<\/div>\n\t\t\t\t<\/div>\n\t\t\t\t\t<\/div>\n\t\t<\/div>\n\t\t\t\t\t<\/div>\n\t\t<\/section>\n\t\t\t\t<section class=\"elementor-section elementor-top-section elementor-element elementor-element-53f6fe0 elementor-section-boxed elementor-section-height-default elementor-section-height-default\" data-id=\"53f6fe0\" data-element_type=\"section\" data-e-type=\"section\">\n\t\t\t\t\t\t<div class=\"elementor-container elementor-column-gap-default\">\n\t\t\t\t\t<div class=\"elementor-column elementor-col-100 elementor-top-column elementor-element elementor-element-cd9f04f\" data-id=\"cd9f04f\" data-element_type=\"column\" data-e-type=\"column\">\n\t\t\t<div class=\"elementor-widget-wrap elementor-element-populated\">\n\t\t\t\t\t\t<div class=\"elementor-element elementor-element-f6a058d elementor-widget elementor-widget-heading\" data-id=\"f6a058d\" data-element_type=\"widget\" data-e-type=\"widget\" data-widget_type=\"heading.default\">\n\t\t\t\t<div class=\"elementor-widget-container\">\n\t\t\t\t\t<h2 class=\"elementor-heading-title elementor-size-default\">Corporate Policy<\/h2>\t\t\t\t<\/div>\n\t\t\t\t<\/div>\n\t\t\t\t<div class=\"elementor-element elementor-element-fd68dd8 elementor-widget elementor-widget-text-editor\" data-id=\"fd68dd8\" data-element_type=\"widget\" data-e-type=\"widget\" data-widget_type=\"text-editor.default\">\n\t\t\t\t<div class=\"elementor-widget-container\">\n\t\t\t\t\t\t\t\t\t<p>Our company, operating in the field of \"epoxy \/ polyurethane floor coating, insulation, insulation applications, paint sales\", has determined its policy in accordance with the following points in order to maximize the quality management system in accordance with the purpose and context of the organization and supporting its strategic direction.<\/p><p>\u00a0<\/p><ul><li>To provide the best solutions and products for every company we work with,<\/li><li>To take customer satisfaction as a basis\nTo have continuity in quality,<\/li><li>To have continuity in quality,<\/li><li>To prevent injury and health deterioration,<\/li><li>To comply with the current legal and other conditions related to occupational health and safety,<\/li><li>To eliminate occupational health and safety risks or reduce it to acceptable level with a preventive approach,<\/li><li>To fulfill the conditions determined as applicable within the scope of ISO 9001: 2015 Quality Management System and ISO 45001: 2018 OHS Management System and to continuously improve the system,<\/li><\/ul>\t\t\t\t\t\t\t\t<\/div>\n\t\t\t\t<\/div>\n\t\t\t\t<section class=\"elementor-section elementor-inner-section elementor-element elementor-element-f1d66ce elementor-section-boxed elementor-section-height-default elementor-section-height-default\" data-id=\"f1d66ce\" data-element_type=\"section\" data-e-type=\"section\">\n\t\t\t\t\t\t<div class=\"elementor-container elementor-column-gap-default\">\n\t\t\t\t\t<div class=\"elementor-column elementor-col-50 elementor-inner-column elementor-element elementor-element-2688bbf\" data-id=\"2688bbf\" data-element_type=\"column\" data-e-type=\"column\">\n\t\t\t<div class=\"elementor-widget-wrap elementor-element-populated\">\n\t\t\t\t\t\t<div class=\"elementor-element elementor-element-59c43a8 elementor-widget elementor-widget-image\" data-id=\"59c43a8\" data-element_type=\"widget\" data-e-type=\"widget\" data-widget_type=\"image.default\">\n\t\t\t\t<div class=\"elementor-widget-container\">\n\t\t\t\t\t\t\t\t\t\t\t\t\t\t\t\t<a href=\"https:\/\/masterepoksi.com\/wp-content\/uploads\/MASTER-EPOKSI\u0307-I\u0307SO-45001.jpg\" data-elementor-open-lightbox=\"yes\" data-e-action-hash=\"#elementor-action%3Aaction%3Dlightbox%26settings%3DeyJpZCI6MTk2NCwidXJsIjoiaHR0cHM6XC9cL21hc3RlcmVwb2tzaS5jb21cL3dwLWNvbnRlbnRcL3VwbG9hZHNcL01BU1RFUi1FUE9LU0lcdTAzMDctSVx1MDMwN1NPLTQ1MDAxLmpwZyJ9\">\n\t\t\t\t\t\t\t<img decoding=\"async\" width=\"550\" height=\"778\" src=\"https:\/\/masterepoksi.com\/wp-content\/uploads\/MASTER-EPOKSI\u0307-I\u0307SO-45001.jpg\" class=\"attachment-large size-large wp-image-1964\" alt=\"\" srcset=\"https:\/\/masterepoksi.com\/wp-content\/uploads\/MASTER-EPOKSI\u0307-I\u0307SO-45001.jpg 550w, https:\/\/masterepoksi.com\/wp-content\/uploads\/MASTER-EPOKSI\u0307-I\u0307SO-45001-212x300.jpg 212w, https:\/\/masterepoksi.com\/wp-content\/uploads\/MASTER-EPOKSI\u0307-I\u0307SO-45001-106x150.jpg 106w, https:\/\/masterepoksi.com\/wp-content\/uploads\/MASTER-EPOKSI\u0307-I\u0307SO-45001-8x12.jpg 8w\" sizes=\"(max-width: 550px) 100vw, 550px\" \/>\t\t\t\t\t\t\t\t<\/a>\n\t\t\t\t\t\t\t\t\t\t\t\t\t\t\t<\/div>\n\t\t\t\t<\/div>\n\t\t\t\t\t<\/div>\n\t\t<\/div>\n\t\t\t\t<div class=\"elementor-column elementor-col-50 elementor-inner-column elementor-element elementor-element-3db377d\" data-id=\"3db377d\" data-element_type=\"column\" data-e-type=\"column\">\n\t\t\t<div class=\"elementor-widget-wrap elementor-element-populated\">\n\t\t\t\t\t\t<div class=\"elementor-element elementor-element-e5d696b elementor-widget elementor-widget-image\" data-id=\"e5d696b\" data-element_type=\"widget\" data-e-type=\"widget\" data-widget_type=\"image.default\">\n\t\t\t\t<div class=\"elementor-widget-container\">\n\t\t\t\t\t\t\t\t\t\t\t\t\t\t\t\t<a href=\"https:\/\/masterepoksi.com\/wp-content\/uploads\/MASTER-EPOKSI\u0307-I\u0307SO-9001.jpg\" data-elementor-open-lightbox=\"yes\" data-e-action-hash=\"#elementor-action%3Aaction%3Dlightbox%26settings%3DeyJpZCI6MTk2NSwidXJsIjoiaHR0cHM6XC9cL21hc3RlcmVwb2tzaS5jb21cL3dwLWNvbnRlbnRcL3VwbG9hZHNcL01BU1RFUi1FUE9LU0lcdTAzMDctSVx1MDMwN1NPLTkwMDEuanBnIn0%3D\">\n\t\t\t\t\t\t\t<img loading=\"lazy\" decoding=\"async\" width=\"550\" height=\"760\" src=\"https:\/\/masterepoksi.com\/wp-content\/uploads\/MASTER-EPOKSI\u0307-I\u0307SO-9001.jpg\" class=\"attachment-large size-large wp-image-1965\" alt=\"\" srcset=\"https:\/\/masterepoksi.com\/wp-content\/uploads\/MASTER-EPOKSI\u0307-I\u0307SO-9001.jpg 550w, https:\/\/masterepoksi.com\/wp-content\/uploads\/MASTER-EPOKSI\u0307-I\u0307SO-9001-217x300.jpg 217w, https:\/\/masterepoksi.com\/wp-content\/uploads\/MASTER-EPOKSI\u0307-I\u0307SO-9001-109x150.jpg 109w, https:\/\/masterepoksi.com\/wp-content\/uploads\/MASTER-EPOKSI\u0307-I\u0307SO-9001-9x12.jpg 9w\" sizes=\"(max-width: 550px) 100vw, 550px\" \/>\t\t\t\t\t\t\t\t<\/a>\n\t\t\t\t\t\t\t\t\t\t\t\t\t\t\t<\/div>\n\t\t\t\t<\/div>\n\t\t\t\t\t<\/div>\n\t\t<\/div>\n\t\t\t\t\t<\/div>\n\t\t<\/section>\n\t\t\t\t\t<\/div>\n\t\t<\/div>\n\t\t\t\t\t<\/div>\n\t\t<\/section>\n\t\t\t\t<\/div>","protected":false},"excerpt":{"rendered":"<p>Master Epoksi ile \u201cyer\u201diniz \u00e7ok g\u00fczel \u0130\u015f ya\u015fam\u0131nda profesyonelli\u011fi esas edinen firmam\u0131z ba\u015fta in\u015faat sekt\u00f6r\u00fc olmak \u00fczere bir \u00e7ok farkl\u0131 sekt\u00f6re hizmet vermektedir.\u00c7al\u0131\u015ft\u0131\u011f\u0131m\u0131z her firmayla m\u00fc\u015fteri memnuniyetini esas alarak ihtiya\u00e7lar\u0131na en uygun \u00e7\u00f6z\u00fcmler ve \u00fcr\u00fcnler sunmaktay\u0131z. Gen\u00e7 ve dinamik ekibimiz, sizlere zemin kaplama, yal\u0131t\u0131m ve end\u00fcstriyel boya alanlar\u0131nda yard\u0131mc\u0131 olmaya haz\u0131r. \u0130leti\u015fim sekmesinden diledi\u011finiz yolla [&hellip;]<\/p>\n","protected":false},"author":1,"featured_media":0,"parent":0,"menu_order":0,"comment_status":"closed","ping_status":"closed","template":"","meta":{"footnotes":""},"class_list":["post-473","page","type-page","status-publish","hentry"],"yoast_head":"<!-- This site is optimized with the Yoast SEO plugin v27.3 - https:\/\/yoast.com\/product\/yoast-seo-wordpress\/ -->\n<title>Hakk\u0131m\u0131zda - Master Epoksi<\/title>\n<meta name=\"robots\" content=\"index, follow, max-snippet:-1, max-image-preview:large, max-video-preview:-1\" \/>\n<link rel=\"canonical\" href=\"https:\/\/masterepoksi.com\/en\/hakkimizda\/\" \/>\n<meta property=\"og:locale\" content=\"en_GB\" \/>\n<meta property=\"og:type\" content=\"article\" \/>\n<meta property=\"og:title\" content=\"Hakk\u0131m\u0131zda - Master Epoksi\" \/>\n<meta property=\"og:description\" content=\"Master Epoksi ile \u201cyer\u201diniz \u00e7ok g\u00fczel \u0130\u015f ya\u015fam\u0131nda profesyonelli\u011fi esas edinen firmam\u0131z ba\u015fta in\u015faat sekt\u00f6r\u00fc olmak \u00fczere bir \u00e7ok farkl\u0131 sekt\u00f6re hizmet vermektedir.\u00c7al\u0131\u015ft\u0131\u011f\u0131m\u0131z her firmayla m\u00fc\u015fteri memnuniyetini esas alarak ihtiya\u00e7lar\u0131na en uygun \u00e7\u00f6z\u00fcmler ve \u00fcr\u00fcnler sunmaktay\u0131z. Gen\u00e7 ve dinamik ekibimiz, sizlere zemin kaplama, yal\u0131t\u0131m ve end\u00fcstriyel boya alanlar\u0131nda yard\u0131mc\u0131 olmaya haz\u0131r. \u0130leti\u015fim sekmesinden diledi\u011finiz yolla [&hellip;]\" \/>\n<meta property=\"og:url\" content=\"https:\/\/masterepoksi.com\/en\/hakkimizda\/\" \/>\n<meta property=\"og:site_name\" content=\"Master Epoksi\" \/>\n<meta property=\"article:publisher\" content=\"https:\/\/www.facebook.com\/masterepoksi\" \/>\n<meta property=\"article:modified_time\" content=\"2021-05-28T09:22:07+00:00\" \/>\n<meta property=\"og:image\" content=\"https:\/\/masterepoksi.com\/wp-content\/uploads\/img-3-1.jpg\" \/>\n<meta name=\"twitter:card\" content=\"summary_large_image\" \/>\n<meta name=\"twitter:label1\" content=\"Estimated reading time\" \/>\n\t<meta name=\"twitter:data1\" content=\"2 minutes\" \/>\n<script type=\"application\/ld+json\" class=\"yoast-schema-graph\">{\"@context\":\"https:\\\/\\\/schema.org\",\"@graph\":[{\"@type\":\"WebPage\",\"@id\":\"https:\\\/\\\/masterepoksi.com\\\/hakkimizda\\\/\",\"url\":\"https:\\\/\\\/masterepoksi.com\\\/hakkimizda\\\/\",\"name\":\"Hakk\u0131m\u0131zda - Master Epoksi\",\"isPartOf\":{\"@id\":\"https:\\\/\\\/masterepoksi.com\\\/#website\"},\"primaryImageOfPage\":{\"@id\":\"https:\\\/\\\/masterepoksi.com\\\/hakkimizda\\\/#primaryimage\"},\"image\":{\"@id\":\"https:\\\/\\\/masterepoksi.com\\\/hakkimizda\\\/#primaryimage\"},\"thumbnailUrl\":\"https:\\\/\\\/masterepoksi.com\\\/wp-content\\\/uploads\\\/img-3-1.jpg\",\"datePublished\":\"2021-01-15T12:15:52+00:00\",\"dateModified\":\"2021-05-28T09:22:07+00:00\",\"inLanguage\":\"en-GB\",\"potentialAction\":[{\"@type\":\"ReadAction\",\"target\":[\"https:\\\/\\\/masterepoksi.com\\\/hakkimizda\\\/\"]}]},{\"@type\":\"ImageObject\",\"inLanguage\":\"en-GB\",\"@id\":\"https:\\\/\\\/masterepoksi.com\\\/hakkimizda\\\/#primaryimage\",\"url\":\"https:\\\/\\\/masterepoksi.com\\\/wp-content\\\/uploads\\\/img-3-1.jpg\",\"contentUrl\":\"https:\\\/\\\/masterepoksi.com\\\/wp-content\\\/uploads\\\/img-3-1.jpg\"},{\"@type\":\"WebSite\",\"@id\":\"https:\\\/\\\/masterepoksi.com\\\/#website\",\"url\":\"https:\\\/\\\/masterepoksi.com\\\/\",\"name\":\"Master Epoksi\",\"description\":\"Beton zeminleriniz  Master Epoksi ile korunsun!\",\"publisher\":{\"@id\":\"https:\\\/\\\/masterepoksi.com\\\/#organization\"},\"potentialAction\":[{\"@type\":\"SearchAction\",\"target\":{\"@type\":\"EntryPoint\",\"urlTemplate\":\"https:\\\/\\\/masterepoksi.com\\\/?s={search_term_string}\"},\"query-input\":{\"@type\":\"PropertyValueSpecification\",\"valueRequired\":true,\"valueName\":\"search_term_string\"}}],\"inLanguage\":\"en-GB\"},{\"@type\":\"Organization\",\"@id\":\"https:\\\/\\\/masterepoksi.com\\\/#organization\",\"name\":\"Master Epoksi\",\"url\":\"https:\\\/\\\/masterepoksi.com\\\/\",\"logo\":{\"@type\":\"ImageObject\",\"inLanguage\":\"en-GB\",\"@id\":\"https:\\\/\\\/masterepoksi.com\\\/#\\\/schema\\\/logo\\\/image\\\/\",\"url\":\"https:\\\/\\\/masterepoksi.com\\\/wp-content\\\/uploads\\\/2021\\\/01\\\/logo.svg\",\"contentUrl\":\"https:\\\/\\\/masterepoksi.com\\\/wp-content\\\/uploads\\\/2021\\\/01\\\/logo.svg\",\"width\":1,\"height\":1,\"caption\":\"Master Epoksi\"},\"image\":{\"@id\":\"https:\\\/\\\/masterepoksi.com\\\/#\\\/schema\\\/logo\\\/image\\\/\"},\"sameAs\":[\"https:\\\/\\\/www.facebook.com\\\/masterepoksi\",\"https:\\\/\\\/www.instagram.com\\\/master_epoksi\\\/?hl=tr\"]}]}<\/script>\n<!-- \/ Yoast SEO plugin. -->","yoast_head_json":{"title":"Hakk\u0131m\u0131zda - Master Epoksi","robots":{"index":"index","follow":"follow","max-snippet":"max-snippet:-1","max-image-preview":"max-image-preview:large","max-video-preview":"max-video-preview:-1"},"canonical":"https:\/\/masterepoksi.com\/en\/hakkimizda\/","og_locale":"en_GB","og_type":"article","og_title":"Hakk\u0131m\u0131zda - Master Epoksi","og_description":"Master Epoksi ile \u201cyer\u201diniz \u00e7ok g\u00fczel \u0130\u015f ya\u015fam\u0131nda profesyonelli\u011fi esas edinen firmam\u0131z ba\u015fta in\u015faat sekt\u00f6r\u00fc olmak \u00fczere bir \u00e7ok farkl\u0131 sekt\u00f6re hizmet vermektedir.\u00c7al\u0131\u015ft\u0131\u011f\u0131m\u0131z her firmayla m\u00fc\u015fteri memnuniyetini esas alarak ihtiya\u00e7lar\u0131na en uygun \u00e7\u00f6z\u00fcmler ve \u00fcr\u00fcnler sunmaktay\u0131z. Gen\u00e7 ve dinamik ekibimiz, sizlere zemin kaplama, yal\u0131t\u0131m ve end\u00fcstriyel boya alanlar\u0131nda yard\u0131mc\u0131 olmaya haz\u0131r. \u0130leti\u015fim sekmesinden diledi\u011finiz yolla [&hellip;]","og_url":"https:\/\/masterepoksi.com\/en\/hakkimizda\/","og_site_name":"Master Epoksi","article_publisher":"https:\/\/www.facebook.com\/masterepoksi","article_modified_time":"2021-05-28T09:22:07+00:00","og_image":[{"url":"https:\/\/masterepoksi.com\/wp-content\/uploads\/img-3-1.jpg","type":"","width":"","height":""}],"twitter_card":"summary_large_image","twitter_misc":{"Estimated reading time":"2 minutes"},"schema":{"@context":"https:\/\/schema.org","@graph":[{"@type":"WebPage","@id":"https:\/\/masterepoksi.com\/hakkimizda\/","url":"https:\/\/masterepoksi.com\/hakkimizda\/","name":"Hakk\u0131m\u0131zda - Master Epoksi","isPartOf":{"@id":"https:\/\/masterepoksi.com\/#website"},"primaryImageOfPage":{"@id":"https:\/\/masterepoksi.com\/hakkimizda\/#primaryimage"},"image":{"@id":"https:\/\/masterepoksi.com\/hakkimizda\/#primaryimage"},"thumbnailUrl":"https:\/\/masterepoksi.com\/wp-content\/uploads\/img-3-1.jpg","datePublished":"2021-01-15T12:15:52+00:00","dateModified":"2021-05-28T09:22:07+00:00","inLanguage":"en-GB","potentialAction":[{"@type":"ReadAction","target":["https:\/\/masterepoksi.com\/hakkimizda\/"]}]},{"@type":"ImageObject","inLanguage":"en-GB","@id":"https:\/\/masterepoksi.com\/hakkimizda\/#primaryimage","url":"https:\/\/masterepoksi.com\/wp-content\/uploads\/img-3-1.jpg","contentUrl":"https:\/\/masterepoksi.com\/wp-content\/uploads\/img-3-1.jpg"},{"@type":"WebSite","@id":"https:\/\/masterepoksi.com\/#website","url":"https:\/\/masterepoksi.com\/","name":"Master Epoksi","description":"Beton zeminleriniz  Master Epoksi ile korunsun!","publisher":{"@id":"https:\/\/masterepoksi.com\/#organization"},"potentialAction":[{"@type":"SearchAction","target":{"@type":"EntryPoint","urlTemplate":"https:\/\/masterepoksi.com\/?s={search_term_string}"},"query-input":{"@type":"PropertyValueSpecification","valueRequired":true,"valueName":"search_term_string"}}],"inLanguage":"en-GB"},{"@type":"Organization","@id":"https:\/\/masterepoksi.com\/#organization","name":"Master Epoksi","url":"https:\/\/masterepoksi.com\/","logo":{"@type":"ImageObject","inLanguage":"en-GB","@id":"https:\/\/masterepoksi.com\/#\/schema\/logo\/image\/","url":"https:\/\/masterepoksi.com\/wp-content\/uploads\/2021\/01\/logo.svg","contentUrl":"https:\/\/masterepoksi.com\/wp-content\/uploads\/2021\/01\/logo.svg","width":1,"height":1,"caption":"Master Epoksi"},"image":{"@id":"https:\/\/masterepoksi.com\/#\/schema\/logo\/image\/"},"sameAs":["https:\/\/www.facebook.com\/masterepoksi","https:\/\/www.instagram.com\/master_epoksi\/?hl=tr"]}]}},"_links":{"self":[{"href":"https:\/\/masterepoksi.com\/en\/wp-json\/wp\/v2\/pages\/473","targetHints":{"allow":["GET"]}}],"collection":[{"href":"https:\/\/masterepoksi.com\/en\/wp-json\/wp\/v2\/pages"}],"about":[{"href":"https:\/\/masterepoksi.com\/en\/wp-json\/wp\/v2\/types\/page"}],"author":[{"embeddable":true,"href":"https:\/\/masterepoksi.com\/en\/wp-json\/wp\/v2\/users\/1"}],"replies":[{"embeddable":true,"href":"https:\/\/masterepoksi.com\/en\/wp-json\/wp\/v2\/comments?post=473"}],"version-history":[{"count":129,"href":"https:\/\/masterepoksi.com\/en\/wp-json\/wp\/v2\/pages\/473\/revisions"}],"predecessor-version":[{"id":1968,"href":"https:\/\/masterepoksi.com\/en\/wp-json\/wp\/v2\/pages\/473\/revisions\/1968"}],"wp:attachment":[{"href":"https:\/\/masterepoksi.com\/en\/wp-json\/wp\/v2\/media?parent=473"}],"curies":[{"name":"wp","href":"https:\/\/api.w.org\/{rel}","templated":true}]}}