{"id":2041,"date":"2024-06-03T09:42:16","date_gmt":"2024-06-03T09:42:16","guid":{"rendered":"https:\/\/masterepoksi.com\/?page_id=2041"},"modified":"2024-06-03T12:56:29","modified_gmt":"2024-06-03T12:56:29","slug":"villa-epoksi-kaplama","status":"publish","type":"page","link":"https:\/\/masterepoksi.com\/en\/villa-epoksi-kaplama\/","title":{"rendered":"Villa Epoksi Kaplama"},"content":{"rendered":"<div data-elementor-type=\"wp-page\" data-elementor-id=\"2041\" class=\"elementor elementor-2041\" data-elementor-post-type=\"page\">\n\t\t\t\t\t\t<section class=\"elementor-section elementor-top-section elementor-element elementor-element-8f0bf54 elementor-section-boxed elementor-section-height-default elementor-section-height-default\" data-id=\"8f0bf54\" data-element_type=\"section\" data-e-type=\"section\">\n\t\t\t\t\t\t<div class=\"elementor-container elementor-column-gap-default\">\n\t\t\t\t\t<div class=\"elementor-column elementor-col-100 elementor-top-column elementor-element elementor-element-3b41b6a\" data-id=\"3b41b6a\" data-element_type=\"column\" data-e-type=\"column\">\n\t\t\t<div class=\"elementor-widget-wrap elementor-element-populated\">\n\t\t\t\t\t\t<div class=\"elementor-element elementor-element-7b99d1b elementor-widget elementor-widget-text-editor\" data-id=\"7b99d1b\" data-element_type=\"widget\" data-e-type=\"widget\" data-widget_type=\"text-editor.default\">\n\t\t\t\t<div class=\"elementor-widget-container\">\n\t\t\t\t\t\t\t\t\t<p><span style=\"text-decoration: underline;\"><em><strong>Bursa villa epoksi kaplama<\/strong><\/em><\/span> ve Bursa villa silim kaplama i\u015flemleriniz i\u00e7in Bursa&#8217;n\u0131n \u00f6nc\u00fc firmas\u0131 Master Epoksi&#8217;den teklifinizi al\u0131n.<\/p><p>Ke\u015fif ve \u00fccretlendirme i\u00e7in dan\u0131\u015fma hatt\u0131m\u0131z\u0131 arayacak bilgi alabilirsiniz.<\/p>\t\t\t\t\t\t\t\t<\/div>\n\t\t\t\t<\/div>\n\t\t\t\t\t<\/div>\n\t\t<\/div>\n\t\t\t\t\t<\/div>\n\t\t<\/section>\n\t\t\t\t<\/div>","protected":false},"excerpt":{"rendered":"<p>Bursa villa epoksi kaplama ve Bursa villa silim kaplama i\u015flemleriniz i\u00e7in Bursa&#8217;n\u0131n \u00f6nc\u00fc firmas\u0131 Master Epoksi&#8217;den teklifinizi al\u0131n. Ke\u015fif ve \u00fccretlendirme i\u00e7in dan\u0131\u015fma hatt\u0131m\u0131z\u0131 arayacak bilgi alabilirsiniz.<\/p>","protected":false},"author":1,"featured_media":0,"parent":0,"menu_order":0,"comment_status":"closed","ping_status":"closed","template":"","meta":{"footnotes":""},"class_list":["post-2041","page","type-page","status-publish","hentry"],"yoast_head":"<!-- This site is optimized with the Yoast SEO plugin v27.4 - https:\/\/yoast.com\/product\/yoast-seo-wordpress\/ -->\n<title>Bursa Villa Epoksi Kaplama - Master Epoksi<\/title>\n<meta name=\"description\" content=\"Bursa villa epoksi kaplama yada Bursa villa silim kaplama s\u00fcre\u00e7lerinizi, uzman kadromuz sizin ad\u0131n\u0131za \u00fcretici firma garantisi ile s\u00fcrd\u00fcrs\u00fcn.\" \/>\n<meta name=\"robots\" content=\"index, follow, max-snippet:-1, max-image-preview:large, max-video-preview:-1\" \/>\n<link rel=\"canonical\" href=\"https:\/\/masterepoksi.com\/en\/villa-epoksi-kaplama\/\" \/>\n<meta property=\"og:locale\" content=\"en_GB\" \/>\n<meta property=\"og:type\" content=\"article\" \/>\n<meta property=\"og:title\" content=\"Bursa Villa Epoksi Kaplama - Master Epoksi\" \/>\n<meta property=\"og:description\" content=\"Bursa villa epoksi kaplama yada Bursa villa silim kaplama s\u00fcre\u00e7lerinizi, uzman kadromuz sizin ad\u0131n\u0131za \u00fcretici firma garantisi ile s\u00fcrd\u00fcrs\u00fcn.\" \/>\n<meta property=\"og:url\" content=\"https:\/\/masterepoksi.com\/en\/villa-epoksi-kaplama\/\" \/>\n<meta property=\"og:site_name\" content=\"Master Epoksi\" \/>\n<meta property=\"article:publisher\" content=\"https:\/\/www.facebook.com\/masterepoksi\" \/>\n<meta property=\"article:modified_time\" content=\"2024-06-03T12:56:29+00:00\" \/>\n<meta name=\"twitter:card\" content=\"summary_large_image\" \/>\n<meta name=\"twitter:label1\" content=\"Estimated reading time\" \/>\n\t<meta name=\"twitter:data1\" content=\"1 minute\" \/>\n<script type=\"application\/ld+json\" class=\"yoast-schema-graph\">{\"@context\":\"https:\\\/\\\/schema.org\",\"@graph\":[{\"@type\":\"WebPage\",\"@id\":\"https:\\\/\\\/masterepoksi.com\\\/villa-epoksi-kaplama\\\/\",\"url\":\"https:\\\/\\\/masterepoksi.com\\\/villa-epoksi-kaplama\\\/\",\"name\":\"Bursa Villa Epoksi Kaplama - Master Epoksi\",\"isPartOf\":{\"@id\":\"https:\\\/\\\/masterepoksi.com\\\/#website\"},\"datePublished\":\"2024-06-03T09:42:16+00:00\",\"dateModified\":\"2024-06-03T12:56:29+00:00\",\"description\":\"Bursa villa epoksi kaplama yada Bursa villa silim kaplama s\u00fcre\u00e7lerinizi, uzman kadromuz sizin ad\u0131n\u0131za \u00fcretici firma garantisi ile s\u00fcrd\u00fcrs\u00fcn.\",\"inLanguage\":\"en-GB\",\"potentialAction\":[{\"@type\":\"ReadAction\",\"target\":[\"https:\\\/\\\/masterepoksi.com\\\/villa-epoksi-kaplama\\\/\"]}]},{\"@type\":\"WebSite\",\"@id\":\"https:\\\/\\\/masterepoksi.com\\\/#website\",\"url\":\"https:\\\/\\\/masterepoksi.com\\\/\",\"name\":\"Master Epoksi\",\"description\":\"Beton zeminleriniz  Master Epoksi ile korunsun!\",\"publisher\":{\"@id\":\"https:\\\/\\\/masterepoksi.com\\\/#organization\"},\"potentialAction\":[{\"@type\":\"SearchAction\",\"target\":{\"@type\":\"EntryPoint\",\"urlTemplate\":\"https:\\\/\\\/masterepoksi.com\\\/?s={search_term_string}\"},\"query-input\":{\"@type\":\"PropertyValueSpecification\",\"valueRequired\":true,\"valueName\":\"search_term_string\"}}],\"inLanguage\":\"en-GB\"},{\"@type\":\"Organization\",\"@id\":\"https:\\\/\\\/masterepoksi.com\\\/#organization\",\"name\":\"Master Epoksi\",\"url\":\"https:\\\/\\\/masterepoksi.com\\\/\",\"logo\":{\"@type\":\"ImageObject\",\"inLanguage\":\"en-GB\",\"@id\":\"https:\\\/\\\/masterepoksi.com\\\/#\\\/schema\\\/logo\\\/image\\\/\",\"url\":\"https:\\\/\\\/masterepoksi.com\\\/wp-content\\\/uploads\\\/2021\\\/01\\\/logo.svg\",\"contentUrl\":\"https:\\\/\\\/masterepoksi.com\\\/wp-content\\\/uploads\\\/2021\\\/01\\\/logo.svg\",\"width\":1,\"height\":1,\"caption\":\"Master Epoksi\"},\"image\":{\"@id\":\"https:\\\/\\\/masterepoksi.com\\\/#\\\/schema\\\/logo\\\/image\\\/\"},\"sameAs\":[\"https:\\\/\\\/www.facebook.com\\\/masterepoksi\",\"https:\\\/\\\/www.instagram.com\\\/master_epoksi\\\/?hl=tr\"]}]}<\/script>\n<!-- \/ Yoast SEO plugin. -->","yoast_head_json":{"title":"Bursa Villa Epoksi Kaplama - Master Epoksi","description":"Bursa villa epoksi kaplama yada Bursa villa silim kaplama s\u00fcre\u00e7lerinizi, uzman kadromuz sizin ad\u0131n\u0131za \u00fcretici firma garantisi ile s\u00fcrd\u00fcrs\u00fcn.","robots":{"index":"index","follow":"follow","max-snippet":"max-snippet:-1","max-image-preview":"max-image-preview:large","max-video-preview":"max-video-preview:-1"},"canonical":"https:\/\/masterepoksi.com\/en\/villa-epoksi-kaplama\/","og_locale":"en_GB","og_type":"article","og_title":"Bursa Villa Epoksi Kaplama - Master Epoksi","og_description":"Bursa villa epoksi kaplama yada Bursa villa silim kaplama s\u00fcre\u00e7lerinizi, uzman kadromuz sizin ad\u0131n\u0131za \u00fcretici firma garantisi ile s\u00fcrd\u00fcrs\u00fcn.","og_url":"https:\/\/masterepoksi.com\/en\/villa-epoksi-kaplama\/","og_site_name":"Master Epoksi","article_publisher":"https:\/\/www.facebook.com\/masterepoksi","article_modified_time":"2024-06-03T12:56:29+00:00","twitter_card":"summary_large_image","twitter_misc":{"Estimated reading time":"1 minute"},"schema":{"@context":"https:\/\/schema.org","@graph":[{"@type":"WebPage","@id":"https:\/\/masterepoksi.com\/villa-epoksi-kaplama\/","url":"https:\/\/masterepoksi.com\/villa-epoksi-kaplama\/","name":"Bursa Villa Epoksi Kaplama - Master Epoksi","isPartOf":{"@id":"https:\/\/masterepoksi.com\/#website"},"datePublished":"2024-06-03T09:42:16+00:00","dateModified":"2024-06-03T12:56:29+00:00","description":"Bursa villa epoksi kaplama yada Bursa villa silim kaplama s\u00fcre\u00e7lerinizi, uzman kadromuz sizin ad\u0131n\u0131za \u00fcretici firma garantisi ile s\u00fcrd\u00fcrs\u00fcn.","inLanguage":"en-GB","potentialAction":[{"@type":"ReadAction","target":["https:\/\/masterepoksi.com\/villa-epoksi-kaplama\/"]}]},{"@type":"WebSite","@id":"https:\/\/masterepoksi.com\/#website","url":"https:\/\/masterepoksi.com\/","name":"Master Epoksi","description":"Beton zeminleriniz  Master Epoksi ile korunsun!","publisher":{"@id":"https:\/\/masterepoksi.com\/#organization"},"potentialAction":[{"@type":"SearchAction","target":{"@type":"EntryPoint","urlTemplate":"https:\/\/masterepoksi.com\/?s={search_term_string}"},"query-input":{"@type":"PropertyValueSpecification","valueRequired":true,"valueName":"search_term_string"}}],"inLanguage":"en-GB"},{"@type":"Organization","@id":"https:\/\/masterepoksi.com\/#organization","name":"Master Epoksi","url":"https:\/\/masterepoksi.com\/","logo":{"@type":"ImageObject","inLanguage":"en-GB","@id":"https:\/\/masterepoksi.com\/#\/schema\/logo\/image\/","url":"https:\/\/masterepoksi.com\/wp-content\/uploads\/2021\/01\/logo.svg","contentUrl":"https:\/\/masterepoksi.com\/wp-content\/uploads\/2021\/01\/logo.svg","width":1,"height":1,"caption":"Master Epoksi"},"image":{"@id":"https:\/\/masterepoksi.com\/#\/schema\/logo\/image\/"},"sameAs":["https:\/\/www.facebook.com\/masterepoksi","https:\/\/www.instagram.com\/master_epoksi\/?hl=tr"]}]}},"_links":{"self":[{"href":"https:\/\/masterepoksi.com\/en\/wp-json\/wp\/v2\/pages\/2041","targetHints":{"allow":["GET"]}}],"collection":[{"href":"https:\/\/masterepoksi.com\/en\/wp-json\/wp\/v2\/pages"}],"about":[{"href":"https:\/\/masterepoksi.com\/en\/wp-json\/wp\/v2\/types\/page"}],"author":[{"embeddable":true,"href":"https:\/\/masterepoksi.com\/en\/wp-json\/wp\/v2\/users\/1"}],"replies":[{"embeddable":true,"href":"https:\/\/masterepoksi.com\/en\/wp-json\/wp\/v2\/comments?post=2041"}],"version-history":[{"count":4,"href":"https:\/\/masterepoksi.com\/en\/wp-json\/wp\/v2\/pages\/2041\/revisions"}],"predecessor-version":[{"id":2045,"href":"https:\/\/masterepoksi.com\/en\/wp-json\/wp\/v2\/pages\/2041\/revisions\/2045"}],"wp:attachment":[{"href":"https:\/\/masterepoksi.com\/en\/wp-json\/wp\/v2\/media?parent=2041"}],"curies":[{"name":"wp","href":"https:\/\/api.w.org\/{rel}","templated":true}]}}