{"id":2031,"date":"2024-06-03T09:24:36","date_gmt":"2024-06-03T09:24:36","guid":{"rendered":"https:\/\/masterepoksi.com\/?page_id=2031"},"modified":"2024-06-03T09:32:06","modified_gmt":"2024-06-03T09:32:06","slug":"fabrika-epoksi-kaplama","status":"publish","type":"page","link":"https:\/\/masterepoksi.com\/en\/fabrika-epoksi-kaplama\/","title":{"rendered":"Fabrika Epoksi Kaplama"},"content":{"rendered":"<div data-elementor-type=\"wp-page\" data-elementor-id=\"2031\" class=\"elementor elementor-2031\" data-elementor-post-type=\"page\">\n\t\t\t\t\t\t<section class=\"elementor-section elementor-top-section elementor-element elementor-element-7905ba8 elementor-section-boxed elementor-section-height-default elementor-section-height-default\" data-id=\"7905ba8\" data-element_type=\"section\" data-e-type=\"section\">\n\t\t\t\t\t\t<div class=\"elementor-container elementor-column-gap-default\">\n\t\t\t\t\t<div class=\"elementor-column elementor-col-100 elementor-top-column elementor-element elementor-element-2f2b014\" data-id=\"2f2b014\" data-element_type=\"column\" data-e-type=\"column\">\n\t\t\t<div class=\"elementor-widget-wrap elementor-element-populated\">\n\t\t\t\t\t\t<div class=\"elementor-element elementor-element-6dd23b6 elementor-widget elementor-widget-text-editor\" data-id=\"6dd23b6\" data-element_type=\"widget\" data-e-type=\"widget\" data-widget_type=\"text-editor.default\">\n\t\t\t\t<div class=\"elementor-widget-container\">\n\t\t\t\t\t\t\t\t\t<p>Master Epoksi, \u015firket merkezi olan Bursa ve \u00e7evre illerde <span style=\"text-decoration: underline;\"><em><strong>fabrika epoksi kaplama<\/strong><\/em><\/span> s\u00fcre\u00e7lerinizi y\u00f6netmektedir.\u00a0<\/p><p>Diledi\u011finiz metrekare ve alanlarda fabrika epoksi kaplama ve <span style=\"text-decoration: underline;\"><em><strong>fabrika silim kaplama<\/strong><\/em><\/span> s\u00fcre\u00e7leriniz uzman kadro taraf\u0131ndan tamamlanmaktad\u0131r.<\/p><p>Bizlerde ke\u015fif ve teklif almak i\u00e7in ileti\u015fime ge\u00e7ebilirsiniz.<\/p><p>Hizmet verdi\u011fimiz \u015fehirler; Bursa, \u0130stanbul, Ankara, Eski\u015fehir, Bal\u0131kesir<\/p>\t\t\t\t\t\t\t\t<\/div>\n\t\t\t\t<\/div>\n\t\t\t\t\t<\/div>\n\t\t<\/div>\n\t\t\t\t\t<\/div>\n\t\t<\/section>\n\t\t\t\t<section class=\"elementor-section elementor-top-section elementor-element elementor-element-5e98479 elementor-section-boxed elementor-section-height-default elementor-section-height-default\" data-id=\"5e98479\" data-element_type=\"section\" data-e-type=\"section\">\n\t\t\t\t\t\t<div class=\"elementor-container elementor-column-gap-default\">\n\t\t\t\t\t<div class=\"elementor-column elementor-col-100 elementor-top-column elementor-element elementor-element-1e4bfbd\" data-id=\"1e4bfbd\" data-element_type=\"column\" data-e-type=\"column\">\n\t\t\t<div class=\"elementor-widget-wrap elementor-element-populated\">\n\t\t\t\t\t\t<div class=\"elementor-element elementor-element-717e57d elementor-widget elementor-widget-button\" data-id=\"717e57d\" data-element_type=\"widget\" data-e-type=\"widget\" data-widget_type=\"button.default\">\n\t\t\t\t<div class=\"elementor-widget-container\">\n\t\t\t\t\t\t\t\t\t<div class=\"elementor-button-wrapper\">\n\t\t\t\t\t<a class=\"elementor-button elementor-button-link elementor-size-sm\" href=\"\/en\/iletisim\/\">\n\t\t\t\t\t\t<span class=\"elementor-button-content-wrapper\">\n\t\t\t\t\t\t<span class=\"elementor-button-icon\">\n\t\t\t\t<i aria-hidden=\"true\" class=\"far fa-chart-bar\"><\/i>\t\t\t<\/span>\n\t\t\t\t\t\t\t\t\t<span class=\"elementor-button-text\">Teklif Al<\/span>\n\t\t\t\t\t<\/span>\n\t\t\t\t\t<\/a>\n\t\t\t\t<\/div>\n\t\t\t\t\t\t\t\t<\/div>\n\t\t\t\t<\/div>\n\t\t\t\t\t<\/div>\n\t\t<\/div>\n\t\t\t\t\t<\/div>\n\t\t<\/section>\n\t\t\t\t<\/div>","protected":false},"excerpt":{"rendered":"<p>Master Epoksi, \u015firket merkezi olan Bursa ve \u00e7evre illerde fabrika epoksi kaplama s\u00fcre\u00e7lerinizi y\u00f6netmektedir. Diledi\u011finiz metrekare ve alanlarda fabrika epoksi kaplama ve fabrika silim kaplama s\u00fcre\u00e7leriniz uzman kadro taraf\u0131ndan tamamlanmaktad\u0131r. Bizlerde ke\u015fif ve teklif almak i\u00e7in ileti\u015fime ge\u00e7ebilirsiniz. Hizmet verdi\u011fimiz \u015fehirler; Bursa, \u0130stanbul, Ankara, Eski\u015fehir, Bal\u0131kesir Teklif Al<\/p>","protected":false},"author":1,"featured_media":0,"parent":0,"menu_order":0,"comment_status":"closed","ping_status":"closed","template":"","meta":{"footnotes":""},"class_list":["post-2031","page","type-page","status-publish","hentry"],"yoast_head":"<!-- This site is optimized with the Yoast SEO plugin v27.3 - https:\/\/yoast.com\/product\/yoast-seo-wordpress\/ -->\n<title>Bursa Fabrika Epoksi Kaplama - Master Epoksi<\/title>\n<meta name=\"description\" content=\"Bursa ve b\u00f6lge illerde fabrika epoksi kaplama ve fabrika silim kaplama s\u00fcre\u00e7lerinizi uzman kadromuz ile y\u00f6netilim.\" \/>\n<meta name=\"robots\" content=\"index, follow, max-snippet:-1, max-image-preview:large, max-video-preview:-1\" \/>\n<link rel=\"canonical\" href=\"https:\/\/masterepoksi.com\/en\/fabrika-epoksi-kaplama\/\" \/>\n<meta property=\"og:locale\" content=\"en_GB\" \/>\n<meta property=\"og:type\" content=\"article\" \/>\n<meta property=\"og:title\" content=\"Bursa Fabrika Epoksi Kaplama - Master Epoksi\" \/>\n<meta property=\"og:description\" content=\"Bursa ve b\u00f6lge illerde fabrika epoksi kaplama ve fabrika silim kaplama s\u00fcre\u00e7lerinizi uzman kadromuz ile y\u00f6netilim.\" \/>\n<meta property=\"og:url\" content=\"https:\/\/masterepoksi.com\/en\/fabrika-epoksi-kaplama\/\" \/>\n<meta property=\"og:site_name\" content=\"Master Epoksi\" \/>\n<meta property=\"article:publisher\" content=\"https:\/\/www.facebook.com\/masterepoksi\" \/>\n<meta property=\"article:modified_time\" content=\"2024-06-03T09:32:06+00:00\" \/>\n<meta name=\"twitter:card\" content=\"summary_large_image\" \/>\n<meta name=\"twitter:label1\" content=\"Estimated reading time\" \/>\n\t<meta name=\"twitter:data1\" content=\"1 minute\" \/>\n<script type=\"application\/ld+json\" class=\"yoast-schema-graph\">{\"@context\":\"https:\\\/\\\/schema.org\",\"@graph\":[{\"@type\":\"WebPage\",\"@id\":\"https:\\\/\\\/masterepoksi.com\\\/fabrika-epoksi-kaplama\\\/\",\"url\":\"https:\\\/\\\/masterepoksi.com\\\/fabrika-epoksi-kaplama\\\/\",\"name\":\"Bursa Fabrika Epoksi Kaplama - Master Epoksi\",\"isPartOf\":{\"@id\":\"https:\\\/\\\/masterepoksi.com\\\/#website\"},\"datePublished\":\"2024-06-03T09:24:36+00:00\",\"dateModified\":\"2024-06-03T09:32:06+00:00\",\"description\":\"Bursa ve b\u00f6lge illerde fabrika epoksi kaplama ve fabrika silim kaplama s\u00fcre\u00e7lerinizi uzman kadromuz ile y\u00f6netilim.\",\"inLanguage\":\"en-GB\",\"potentialAction\":[{\"@type\":\"ReadAction\",\"target\":[\"https:\\\/\\\/masterepoksi.com\\\/fabrika-epoksi-kaplama\\\/\"]}]},{\"@type\":\"WebSite\",\"@id\":\"https:\\\/\\\/masterepoksi.com\\\/#website\",\"url\":\"https:\\\/\\\/masterepoksi.com\\\/\",\"name\":\"Master Epoksi\",\"description\":\"Beton zeminleriniz  Master Epoksi ile korunsun!\",\"publisher\":{\"@id\":\"https:\\\/\\\/masterepoksi.com\\\/#organization\"},\"potentialAction\":[{\"@type\":\"SearchAction\",\"target\":{\"@type\":\"EntryPoint\",\"urlTemplate\":\"https:\\\/\\\/masterepoksi.com\\\/?s={search_term_string}\"},\"query-input\":{\"@type\":\"PropertyValueSpecification\",\"valueRequired\":true,\"valueName\":\"search_term_string\"}}],\"inLanguage\":\"en-GB\"},{\"@type\":\"Organization\",\"@id\":\"https:\\\/\\\/masterepoksi.com\\\/#organization\",\"name\":\"Master Epoksi\",\"url\":\"https:\\\/\\\/masterepoksi.com\\\/\",\"logo\":{\"@type\":\"ImageObject\",\"inLanguage\":\"en-GB\",\"@id\":\"https:\\\/\\\/masterepoksi.com\\\/#\\\/schema\\\/logo\\\/image\\\/\",\"url\":\"https:\\\/\\\/masterepoksi.com\\\/wp-content\\\/uploads\\\/2021\\\/01\\\/logo.svg\",\"contentUrl\":\"https:\\\/\\\/masterepoksi.com\\\/wp-content\\\/uploads\\\/2021\\\/01\\\/logo.svg\",\"width\":1,\"height\":1,\"caption\":\"Master Epoksi\"},\"image\":{\"@id\":\"https:\\\/\\\/masterepoksi.com\\\/#\\\/schema\\\/logo\\\/image\\\/\"},\"sameAs\":[\"https:\\\/\\\/www.facebook.com\\\/masterepoksi\",\"https:\\\/\\\/www.instagram.com\\\/master_epoksi\\\/?hl=tr\"]}]}<\/script>\n<!-- \/ Yoast SEO plugin. -->","yoast_head_json":{"title":"Bursa Fabrika Epoksi Kaplama - Master Epoksi","description":"Bursa ve b\u00f6lge illerde fabrika epoksi kaplama ve fabrika silim kaplama s\u00fcre\u00e7lerinizi uzman kadromuz ile y\u00f6netilim.","robots":{"index":"index","follow":"follow","max-snippet":"max-snippet:-1","max-image-preview":"max-image-preview:large","max-video-preview":"max-video-preview:-1"},"canonical":"https:\/\/masterepoksi.com\/en\/fabrika-epoksi-kaplama\/","og_locale":"en_GB","og_type":"article","og_title":"Bursa Fabrika Epoksi Kaplama - Master Epoksi","og_description":"Bursa ve b\u00f6lge illerde fabrika epoksi kaplama ve fabrika silim kaplama s\u00fcre\u00e7lerinizi uzman kadromuz ile y\u00f6netilim.","og_url":"https:\/\/masterepoksi.com\/en\/fabrika-epoksi-kaplama\/","og_site_name":"Master Epoksi","article_publisher":"https:\/\/www.facebook.com\/masterepoksi","article_modified_time":"2024-06-03T09:32:06+00:00","twitter_card":"summary_large_image","twitter_misc":{"Estimated reading time":"1 minute"},"schema":{"@context":"https:\/\/schema.org","@graph":[{"@type":"WebPage","@id":"https:\/\/masterepoksi.com\/fabrika-epoksi-kaplama\/","url":"https:\/\/masterepoksi.com\/fabrika-epoksi-kaplama\/","name":"Bursa Fabrika Epoksi Kaplama - Master Epoksi","isPartOf":{"@id":"https:\/\/masterepoksi.com\/#website"},"datePublished":"2024-06-03T09:24:36+00:00","dateModified":"2024-06-03T09:32:06+00:00","description":"Bursa ve b\u00f6lge illerde fabrika epoksi kaplama ve fabrika silim kaplama s\u00fcre\u00e7lerinizi uzman kadromuz ile y\u00f6netilim.","inLanguage":"en-GB","potentialAction":[{"@type":"ReadAction","target":["https:\/\/masterepoksi.com\/fabrika-epoksi-kaplama\/"]}]},{"@type":"WebSite","@id":"https:\/\/masterepoksi.com\/#website","url":"https:\/\/masterepoksi.com\/","name":"Master Epoksi","description":"Beton zeminleriniz  Master Epoksi ile korunsun!","publisher":{"@id":"https:\/\/masterepoksi.com\/#organization"},"potentialAction":[{"@type":"SearchAction","target":{"@type":"EntryPoint","urlTemplate":"https:\/\/masterepoksi.com\/?s={search_term_string}"},"query-input":{"@type":"PropertyValueSpecification","valueRequired":true,"valueName":"search_term_string"}}],"inLanguage":"en-GB"},{"@type":"Organization","@id":"https:\/\/masterepoksi.com\/#organization","name":"Master Epoksi","url":"https:\/\/masterepoksi.com\/","logo":{"@type":"ImageObject","inLanguage":"en-GB","@id":"https:\/\/masterepoksi.com\/#\/schema\/logo\/image\/","url":"https:\/\/masterepoksi.com\/wp-content\/uploads\/2021\/01\/logo.svg","contentUrl":"https:\/\/masterepoksi.com\/wp-content\/uploads\/2021\/01\/logo.svg","width":1,"height":1,"caption":"Master Epoksi"},"image":{"@id":"https:\/\/masterepoksi.com\/#\/schema\/logo\/image\/"},"sameAs":["https:\/\/www.facebook.com\/masterepoksi","https:\/\/www.instagram.com\/master_epoksi\/?hl=tr"]}]}},"_links":{"self":[{"href":"https:\/\/masterepoksi.com\/en\/wp-json\/wp\/v2\/pages\/2031","targetHints":{"allow":["GET"]}}],"collection":[{"href":"https:\/\/masterepoksi.com\/en\/wp-json\/wp\/v2\/pages"}],"about":[{"href":"https:\/\/masterepoksi.com\/en\/wp-json\/wp\/v2\/types\/page"}],"author":[{"embeddable":true,"href":"https:\/\/masterepoksi.com\/en\/wp-json\/wp\/v2\/users\/1"}],"replies":[{"embeddable":true,"href":"https:\/\/masterepoksi.com\/en\/wp-json\/wp\/v2\/comments?post=2031"}],"version-history":[{"count":8,"href":"https:\/\/masterepoksi.com\/en\/wp-json\/wp\/v2\/pages\/2031\/revisions"}],"predecessor-version":[{"id":2040,"href":"https:\/\/masterepoksi.com\/en\/wp-json\/wp\/v2\/pages\/2031\/revisions\/2040"}],"wp:attachment":[{"href":"https:\/\/masterepoksi.com\/en\/wp-json\/wp\/v2\/media?parent=2031"}],"curies":[{"name":"wp","href":"https:\/\/api.w.org\/{rel}","templated":true}]}}